{"id":242668,"date":"2023-06-15T08:33:32","date_gmt":"2023-06-15T08:33:32","guid":{"rendered":"https:\/\/echo-dc.eu\/?page_id=242668"},"modified":"2023-06-15T10:18:41","modified_gmt":"2023-06-15T10:18:41","slug":"managed-services-sam-as-a-service","status":"publish","type":"page","link":"https:\/\/echo-dc.eu\/en\/managed-services-sam-as-a-service\/","title":{"rendered":"Managed Services SAM as a Service"},"content":{"rendered":"<p>[et_pb_section fb_built=&#8220;1&#8243; fullwidth=&#8220;on&#8220; admin_label=&#8220;Hero Section&#8220; _builder_version=&#8220;4.21.0&#8243; background_color=&#8220;#003399&#8243; background_image=&#8220;https:\/\/echo-dc.eu\/wp-content\/uploads\/2022\/05\/Datacenter.jpg&#8220; global_colors_info=&#8220;{}&#8220;][et_pb_fullwidth_header title=&#8220;ECHO&#8220; subhead=&#8220;Managed Services SAM as a Service&#8220; text_orientation=&#8220;center&#8220; background_overlay_color=&#8220;rgba(0,0,0,0.8)&#8220; content_max_width=&#8220;550px&#8220; _builder_version=&#8220;4.21.0&#8243; title_font=&#8220;|||on|||||&#8220; title_text_color=&#8220;#FFCC33&#8243; title_font_size=&#8220;16px&#8220; title_letter_spacing=&#8220;2px&#8220; title_line_height=&#8220;1.4em&#8220; content_font=&#8220;|||on|||||&#8220; content_letter_spacing=&#8220;2px&#8220; content_line_height=&#8220;2em&#8220; subhead_font=&#8220;|||on|||||&#8220; subhead_font_size=&#8220;24px&#8220; subhead_letter_spacing=&#8220;2px&#8220; subhead_line_height=&#8220;1.8em&#8220; background_color=&#8220;rgba(255, 255, 255, 0)&#8220; background_image=&#8220;https:\/\/echo-dc.eu\/wp-content\/uploads\/2021\/11\/consultant-11.jpg&#8220; parallax=&#8220;on&#8220; parallax_method=&#8220;on&#8220; custom_button_one=&#8220;on&#8220; button_one_border_width=&#8220;1px&#8220; button_one_border_color=&#8220;rgba(255,255,255,0.3)&#8220; button_one_border_radius=&#8220;0px&#8220; button_one_letter_spacing=&#8220;1px&#8220; button_one_font=&#8220;Saira Extra Condensed|600||on|||||&#8220; button_one_icon=&#8220;&#x24;||divi||400&#8243; button_one_icon_color=&#8220;#edbb5f&#8220; custom_button_two=&#8220;on&#8220; button_two_border_width=&#8220;1px&#8220; button_two_border_color=&#8220;rgba(255,255,255,0.3)&#8220; button_two_border_radius=&#8220;0px&#8220; button_two_letter_spacing=&#8220;1px&#8220; button_two_font=&#8220;Saira Extra Condensed|600||on|||||&#8220; button_two_icon=&#8220;&#x24;||divi||400&#8243; button_two_icon_color=&#8220;#edbb5f&#8220; module_alignment=&#8220;right&#8220; custom_margin=&#8220;|||&#8220; custom_padding=&#8220;0.2%||96px|||&#8220; custom_padding_tablet=&#8220;8%||130px||false|false&#8220; custom_padding_phone=&#8220;||80px||false|false&#8220; custom_padding_last_edited=&#8220;on|phone&#8220; button_one_text_color_hover=&#8220;#edbb5f&#8220; button_two_text_color_hover=&#8220;#edbb5f&#8220; button_one_bg_color_hover=&#8220;rgba(0,0,0,0)&#8220; button_two_bg_color_hover=&#8220;rgba(0,0,0,0)&#8220; global_colors_info=&#8220;{}&#8220; button_one_text_size__hover_enabled=&#8220;off&#8220; button_two_text_size__hover_enabled=&#8220;off&#8220; button_one_text_color__hover_enabled=&#8220;on&#8220; button_one_text_color__hover=&#8220;#edbb5f&#8220; button_two_text_color__hover_enabled=&#8220;on&#8220; button_two_text_color__hover=&#8220;#edbb5f&#8220; button_one_border_width__hover_enabled=&#8220;off&#8220; button_two_border_width__hover_enabled=&#8220;off&#8220; button_one_border_color__hover_enabled=&#8220;off&#8220; button_two_border_color__hover_enabled=&#8220;off&#8220; button_one_border_radius__hover_enabled=&#8220;off&#8220; button_two_border_radius__hover_enabled=&#8220;off&#8220; button_one_letter_spacing__hover_enabled=&#8220;off&#8220; button_two_letter_spacing__hover_enabled=&#8220;off&#8220; button_one_bg_color__hover_enabled=&#8220;on&#8220; button_one_bg_color__hover=&#8220;rgba(0,0,0,0)&#8220; button_two_bg_color__hover_enabled=&#8220;on&#8220; button_two_bg_color__hover=&#8220;rgba(0,0,0,0)&#8220;]<\/p>\n<p style=\"font-weight: 400;\">SAM as a service. Simple, cost-effective and compliance from a single source<\/p>\n<p>[\/et_pb_fullwidth_header][\/et_pb_section][et_pb_section fb_built=&#8220;1&#8243; admin_label=&#8220;Attributes&#8220; _builder_version=&#8220;4.21.0&#8243; custom_margin=&#8220;|||&#8220; custom_padding=&#8220;0px|0px|100px|0px&#8220; global_colors_info=&#8220;{}&#8220;][et_pb_row use_custom_gutter=&#8220;on&#8220; gutter_width=&#8220;1&#8243; _builder_version=&#8220;4.16&#8243; background_color=&#8220;#ffffff&#8220; max_width=&#8220;1440px&#8220; custom_margin=&#8220;|||&#8220; custom_padding=&#8220;27px|0px|0px|0px&#8220; box_shadow_style=&#8220;preset3&#8243; box_shadow_vertical=&#8220;15px&#8220; box_shadow_blur=&#8220;80px&#8220; box_shadow_color=&#8220;rgba(0,0,0,0.15)&#8220; use_custom_width=&#8220;on&#8220; custom_width_px=&#8220;1440px&#8220; global_colors_info=&#8220;{}&#8220;][et_pb_column type=&#8220;4_4&#8243; _builder_version=&#8220;4.16&#8243; custom_padding=&#8220;|||&#8220; global_colors_info=&#8220;{}&#8220; custom_padding__hover=&#8220;|||&#8220;][et_pb_text _builder_version=&#8220;4.21.0&#8243; text_font=&#8220;||||||||&#8220; text_letter_spacing=&#8220;2px&#8220; text_line_height=&#8220;2em&#8220; header_font=&#8220;|||on|||||&#8220; header_font_size=&#8220;24px&#8220; header_3_font=&#8220;|600||on|||||&#8220; header_3_line_height=&#8220;1.4em&#8220; background_color=&#8220;#ffffff&#8220; max_width=&#8220;992px&#8220; min_height=&#8220;215px&#8220; custom_margin=&#8220;-100px||||false|false&#8220; custom_padding=&#8220;26px|40px|60px|39px|false|false&#8220; custom_padding_tablet=&#8220;30px|30px|30px|30px|true|true&#8220; custom_padding_phone=&#8220;20px|20px|20px|20px|true|true&#8220; custom_padding_last_edited=&#8220;on|phone&#8220; border_color_all=&#8220;rgba(51,51,51,0.06)&#8220; border_width_right=&#8220;1px&#8220; border_width_left=&#8220;1px&#8220; locked=&#8220;off&#8220; global_colors_info=&#8220;{}&#8220;]<\/p>\n<p style=\"font-weight: 400;\"><strong>Completely outsource your license management and SAM requirements to Echo.<\/strong><\/p>\n<p style=\"font-weight: 400;\"><span lang=\"de\">Leave the operational questions about the management and use of your software and licenses to us \u2013 so that you have more time for the essentials. On request, we can provide you with a complete SAM solution in our data centers and take care of maintenance and support<\/span><\/p>\n<p>[\/et_pb_text][et_pb_text _builder_version=&#8220;4.21.0&#8243; text_font=&#8220;||||||||&#8220; text_letter_spacing=&#8220;2px&#8220; text_line_height=&#8220;2em&#8220; header_font=&#8220;|||on|||||&#8220; header_font_size=&#8220;24px&#8220; header_3_font=&#8220;|600||on|||||&#8220; header_3_line_height=&#8220;1.4em&#8220; background_color=&#8220;#ffffff&#8220; max_width=&#8220;992px&#8220; min_height=&#8220;215px&#8220; custom_margin=&#8220;-26px||||false|false&#8220; custom_padding=&#8220;26px|40px|60px|39px|false|false&#8220; custom_padding_tablet=&#8220;30px|30px|30px|30px|true|true&#8220; custom_padding_phone=&#8220;20px|20px|20px|20px|true|true&#8220; custom_padding_last_edited=&#8220;on|phone&#8220; border_color_all=&#8220;rgba(51,51,51,0.06)&#8220; border_width_right=&#8220;1px&#8220; border_width_left=&#8220;1px&#8220; locked=&#8220;off&#8220; global_colors_info=&#8220;{}&#8220;]<\/p>\n<div>\n<p><span lang=\"EN-US\"><strong>Details at SAM as a Service.<\/strong><\/span><\/p>\n<p>With SAM as a Service, you outsource some or all of your license management and SAM requirements to Echo. We take care of the operational issues relating to the management and use of software and licenses for you. We regularly calculate the license balance of your company, identify risks and dangers, help to achieve sustainable optimizations and ensure comprehensive transparency of the software used and its licenses.  At agreed intervals, we discuss the results with you and help you consolidate your investment planning. We provide you with complete SAM solutions and are responsible for maintenance and support, for example.<\/p>\n<\/div>\n<div>\n<p><o:p><\/o:p><\/p>\n<\/div>\n<p>[\/et_pb_text][et_pb_image src=&#8220;https:\/\/echo-dc.eu\/wp-content\/uploads\/2023\/06\/support.png&#8220; title_text=&#8220;support&#8220; align=&#8220;center&#8220; _builder_version=&#8220;4.21.0&#8243; _module_preset=&#8220;default&#8220; width=&#8220;60%&#8220; hover_enabled=&#8220;0&#8243; global_colors_info=&#8220;{}&#8220; sticky_enabled=&#8220;0&#8243;][\/et_pb_image][et_pb_text _builder_version=&#8220;4.21.0&#8243; text_font=&#8220;||||||||&#8220; text_letter_spacing=&#8220;2px&#8220; text_line_height=&#8220;2em&#8220; header_font=&#8220;|||on|||||&#8220; header_font_size=&#8220;24px&#8220; header_3_font=&#8220;|600||on|||||&#8220; header_3_line_height=&#8220;1.4em&#8220; background_color=&#8220;#ffffff&#8220; max_width=&#8220;992px&#8220; min_height=&#8220;215px&#8220; custom_margin=&#8220;13px||||false|false&#8220; custom_padding=&#8220;50px|40px|60px|39px|false|false&#8220; custom_padding_tablet=&#8220;30px|30px|30px|30px|true|true&#8220; custom_padding_phone=&#8220;20px|20px|20px|20px|true|true&#8220; custom_padding_last_edited=&#8220;on|phone&#8220; border_color_all=&#8220;rgba(51,51,51,0.06)&#8220; border_width_right=&#8220;1px&#8220; border_width_left=&#8220;1px&#8220; locked=&#8220;off&#8220; global_colors_info=&#8220;{}&#8220;]<\/p>\n<div>\n<div>\n<p><strong>SAM resources from a single source<br \/><\/strong><\/p>\n<p>Get services and tools that work together to deliver the best possible ROI.<strong><br \/><\/strong><\/p>\n<\/div>\n<\/div>\n<div>\n<p><o:p><\/o:p><\/p>\n<p>&nbsp;<\/p>\n<div>\n<p><strong>Flexible and tailor-made services<\/strong><\/p>\n<p>We offer you tailor-made services when and where you need them.<\/p>\n<div>\n<p><o:p><\/o:p><\/p>\n<\/div>\n<\/div>\n<\/div>\n<p>[\/et_pb_text][\/et_pb_column][\/et_pb_row][et_pb_row _builder_version=&#8220;4.21.0&#8243; _module_preset=&#8220;default&#8220; global_colors_info=&#8220;{}&#8220;][et_pb_column type=&#8220;4_4&#8243; _builder_version=&#8220;4.21.0&#8243; _module_preset=&#8220;default&#8220; global_colors_info=&#8220;{}&#8220;][et_pb_text _builder_version=&#8220;4.21.0&#8243; _module_preset=&#8220;default&#8220; text_line_height=&#8220;1.8em&#8220; max_width=&#8220;800px&#8220; global_colors_info=&#8220;{}&#8220;]<\/p>\n<p style=\"font-weight: 400;\"><span>With Software Asset Management, a company can get a real-time picture of the license position, which can realize savings on software licenses and underlying support and maintenance contracts.<\/span> <span>You can choose which parts of SAM you want to do \"in-house\" and which parts you want to outsource by using the different modules of the Echo.<\/span> <span>Echo offers the solution for operational license management in the event of a lack of manpower and license and contract expertise, you can outsource software inventory with our services<\/span><\/p>\n<p>[\/et_pb_text][\/et_pb_column][\/et_pb_row][et_pb_row _builder_version=&#8220;4.16&#8243; _module_preset=&#8220;default&#8220; global_colors_info=&#8220;{}&#8220;][et_pb_column type=&#8220;4_4&#8243; _builder_version=&#8220;4.16&#8243; _module_preset=&#8220;default&#8220; global_colors_info=&#8220;{}&#8220;][et_pb_text _builder_version=&#8220;4.16&#8243; _module_preset=&#8220;default&#8220; global_colors_info=&#8220;{}&#8220;]<\/p>\n<p>Get in touch with us. We work out an individual solution with you.<\/p>\n<p>[\/et_pb_text][et_pb_button button_url=&#8220;https:\/\/echo-dc.eu\/#kontakt&#8220; button_text=&#8220;Kontakt&#8220; button_alignment=&#8220;center&#8220; _builder_version=&#8220;4.16&#8243; _module_preset=&#8220;default&#8220; custom_button=&#8220;on&#8220; button_text_color=&#8220;#003399&#8243; button_bg_color=&#8220;#FFFFFF&#8220; button_border_radius=&#8220;2px&#8220; button_letter_spacing=&#8220;2px&#8220; button_font=&#8220;|||||on|||&#8220; button_use_icon=&#8220;off&#8220; box_shadow_style=&#8220;preset2&#8243; box_shadow_horizontal=&#8220;5px&#8220; box_shadow_vertical=&#8220;5px&#8220; global_colors_info=&#8220;{}&#8220;][\/et_pb_button][\/et_pb_column][\/et_pb_row][\/et_pb_section]<\/p>","protected":false},"excerpt":{"rendered":"<p>SAM als Dienstleistung. Einfach, kosteng\u00fcnstig und compliance aus einer HandLagern Sie Ihr Lizenzmanagement und Ihre SAM-Anforderungen vollst\u00e4ndig an Echo aus. \u00dcberlassen Sie uns die operativen Fragen rund um die Verwaltung und Nutzung Ihrer Software und Lizenzen \u2013 damit Sie mehr Zeit f\u00fcr das Wesentliche gewinnen. Auf Wunsch stellen wir Ihnen eine komplette SAM-L\u00f6sung in unseren [&hellip;]<\/p>","protected":false},"author":1,"featured_media":0,"parent":0,"menu_order":0,"comment_status":"closed","ping_status":"closed","template":"","meta":{"_et_pb_use_builder":"on","_et_pb_old_content":"","_et_gb_content_width":"","footnotes":""},"class_list":["post-242668","page","type-page","status-publish","hentry"],"_links":{"self":[{"href":"https:\/\/echo-dc.eu\/en\/wp-json\/wp\/v2\/pages\/242668","targetHints":{"allow":["GET"]}}],"collection":[{"href":"https:\/\/echo-dc.eu\/en\/wp-json\/wp\/v2\/pages"}],"about":[{"href":"https:\/\/echo-dc.eu\/en\/wp-json\/wp\/v2\/types\/page"}],"author":[{"embeddable":true,"href":"https:\/\/echo-dc.eu\/en\/wp-json\/wp\/v2\/users\/1"}],"replies":[{"embeddable":true,"href":"https:\/\/echo-dc.eu\/en\/wp-json\/wp\/v2\/comments?post=242668"}],"version-history":[{"count":5,"href":"https:\/\/echo-dc.eu\/en\/wp-json\/wp\/v2\/pages\/242668\/revisions"}],"predecessor-version":[{"id":242678,"href":"https:\/\/echo-dc.eu\/en\/wp-json\/wp\/v2\/pages\/242668\/revisions\/242678"}],"wp:attachment":[{"href":"https:\/\/echo-dc.eu\/en\/wp-json\/wp\/v2\/media?parent=242668"}],"curies":[{"name":"wp","href":"https:\/\/api.w.org\/{rel}","templated":true}]}}