{"id":242938,"date":"2023-07-18T20:07:54","date_gmt":"2023-07-18T20:07:54","guid":{"rendered":"https:\/\/echo-dc.eu\/?page_id=242938"},"modified":"2023-07-18T20:08:12","modified_gmt":"2023-07-18T20:08:12","slug":"sap-security","status":"publish","type":"page","link":"https:\/\/echo-dc.eu\/en\/sap-security\/","title":{"rendered":"SAP-Security"},"content":{"rendered":"<p>[et_pb_section fb_built=&#8220;1&#8243; fullwidth=&#8220;on&#8220; admin_label=&#8220;Hero Section&#8220; _builder_version=&#8220;4.21.0&#8243; background_color=&#8220;#003399&#8243; background_image=&#8220;https:\/\/echo-dc.eu\/wp-content\/uploads\/2022\/05\/Datacenter.jpg&#8220; global_colors_info=&#8220;{}&#8220; theme_builder_area=&#8220;post_content&#8220;][et_pb_fullwidth_header title=&#8220;ECHO&#8220; subhead=&#8220;SAP-Security&#8220; text_orientation=&#8220;center&#8220; background_overlay_color=&#8220;rgba(0,0,0,0.8)&#8220; content_max_width=&#8220;550px&#8220; _builder_version=&#8220;4.21.0&#8243; title_font=&#8220;|||on|||||&#8220; title_text_color=&#8220;#FFCC33&#8243; title_font_size=&#8220;16px&#8220; title_letter_spacing=&#8220;2px&#8220; title_line_height=&#8220;1.4em&#8220; content_font=&#8220;|||on|||||&#8220; content_letter_spacing=&#8220;2px&#8220; content_line_height=&#8220;2em&#8220; subhead_font=&#8220;|||on|||||&#8220; subhead_font_size=&#8220;24px&#8220; subhead_letter_spacing=&#8220;2px&#8220; subhead_line_height=&#8220;1.8em&#8220; background_color=&#8220;rgba(255, 255, 255, 0)&#8220; background_image=&#8220;https:\/\/echo-dc.eu\/wp-content\/uploads\/2021\/11\/consultant-11.jpg&#8220; parallax=&#8220;on&#8220; parallax_method=&#8220;on&#8220; custom_button_one=&#8220;on&#8220; button_one_border_width=&#8220;1px&#8220; button_one_border_color=&#8220;rgba(255,255,255,0.3)&#8220; button_one_border_radius=&#8220;0px&#8220; button_one_letter_spacing=&#8220;1px&#8220; button_one_font=&#8220;Saira Extra Condensed|600||on|||||&#8220; button_one_icon=&#8220;&#x24;||divi||400&#8243; button_one_icon_color=&#8220;#edbb5f&#8220; custom_button_two=&#8220;on&#8220; button_two_border_width=&#8220;1px&#8220; button_two_border_color=&#8220;rgba(255,255,255,0.3)&#8220; button_two_border_radius=&#8220;0px&#8220; button_two_letter_spacing=&#8220;1px&#8220; button_two_font=&#8220;Saira Extra Condensed|600||on|||||&#8220; button_two_icon=&#8220;&#x24;||divi||400&#8243; button_two_icon_color=&#8220;#edbb5f&#8220; module_alignment=&#8220;right&#8220; custom_margin=&#8220;|||&#8220; custom_padding=&#8220;0.2%||96px|||&#8220; custom_padding_tablet=&#8220;8%||130px||false|false&#8220; custom_padding_phone=&#8220;||80px||false|false&#8220; custom_padding_last_edited=&#8220;on|phone&#8220; hover_enabled=&#8220;0&#8243; button_one_text_color_hover=&#8220;#edbb5f&#8220; button_two_text_color_hover=&#8220;#edbb5f&#8220; button_one_bg_color_hover=&#8220;rgba(0,0,0,0)&#8220; button_two_bg_color_hover=&#8220;rgba(0,0,0,0)&#8220; global_colors_info=&#8220;{}&#8220; button_one_text_size__hover_enabled=&#8220;off&#8220; button_two_text_size__hover_enabled=&#8220;off&#8220; button_one_text_color__hover_enabled=&#8220;on&#8220; button_one_text_color__hover=&#8220;#edbb5f&#8220; button_two_text_color__hover_enabled=&#8220;on&#8220; button_two_text_color__hover=&#8220;#edbb5f&#8220; button_one_border_width__hover_enabled=&#8220;off&#8220; button_two_border_width__hover_enabled=&#8220;off&#8220; button_one_border_color__hover_enabled=&#8220;off&#8220; button_two_border_color__hover_enabled=&#8220;off&#8220; button_one_border_radius__hover_enabled=&#8220;off&#8220; button_two_border_radius__hover_enabled=&#8220;off&#8220; button_one_letter_spacing__hover_enabled=&#8220;off&#8220; button_two_letter_spacing__hover_enabled=&#8220;off&#8220; button_one_bg_color__hover_enabled=&#8220;on&#8220; button_one_bg_color__hover=&#8220;rgba(0,0,0,0)&#8220; button_two_bg_color__hover_enabled=&#8220;on&#8220; button_two_bg_color__hover=&#8220;rgba(0,0,0,0)&#8220; theme_builder_area=&#8220;post_content&#8220; sticky_enabled=&#8220;0&#8243;][\/et_pb_fullwidth_header][\/et_pb_section][et_pb_section fb_built=&#8220;1&#8243; admin_label=&#8220;Attributes&#8220; _builder_version=&#8220;4.21.0&#8243; custom_margin=&#8220;|||&#8220; custom_padding=&#8220;0px|0px|100px|0px&#8220; global_colors_info=&#8220;{}&#8220; theme_builder_area=&#8220;post_content&#8220;][et_pb_row use_custom_gutter=&#8220;on&#8220; gutter_width=&#8220;1&#8243; _builder_version=&#8220;4.16&#8243; background_color=&#8220;#ffffff&#8220; max_width=&#8220;1440px&#8220; custom_margin=&#8220;|||&#8220; custom_padding=&#8220;27px|0px|0px|0px&#8220; box_shadow_style=&#8220;preset3&#8243; box_shadow_vertical=&#8220;15px&#8220; box_shadow_blur=&#8220;80px&#8220; box_shadow_color=&#8220;rgba(0,0,0,0.15)&#8220; use_custom_width=&#8220;on&#8220; custom_width_px=&#8220;1440px&#8220; global_colors_info=&#8220;{}&#8220; theme_builder_area=&#8220;post_content&#8220;][et_pb_column type=&#8220;4_4&#8243; _builder_version=&#8220;4.16&#8243; custom_padding=&#8220;|||&#8220; global_colors_info=&#8220;{}&#8220; custom_padding__hover=&#8220;|||&#8220; theme_builder_area=&#8220;post_content&#8220;][et_pb_text _builder_version=&#8220;4.21.0&#8243; text_font=&#8220;||||||||&#8220; text_letter_spacing=&#8220;2px&#8220; text_line_height=&#8220;2em&#8220; header_font=&#8220;|||on|||||&#8220; header_font_size=&#8220;24px&#8220; header_3_font=&#8220;|600||on|||||&#8220; header_3_line_height=&#8220;1.4em&#8220; background_color=&#8220;#ffffff&#8220; max_width=&#8220;992px&#8220; min_height=&#8220;164px&#8220; custom_margin=&#8220;-100px||||false|false&#8220; custom_padding=&#8220;26px|40px|60px|39px|false|false&#8220; custom_padding_tablet=&#8220;30px|30px|30px|30px|true|true&#8220; custom_padding_phone=&#8220;20px|20px|20px|20px|true|true&#8220; custom_padding_last_edited=&#8220;on|phone&#8220; hover_enabled=&#8220;0&#8243; border_color_all=&#8220;rgba(51,51,51,0.06)&#8220; border_width_right=&#8220;1px&#8220; border_width_left=&#8220;1px&#8220; locked=&#8220;off&#8220; global_colors_info=&#8220;{}&#8220; theme_builder_area=&#8220;post_content&#8220; sticky_enabled=&#8220;0&#8243;]<\/p>\n<p><span><strong>SAP-Outsourcing<\/strong> IT security is an ongoing process that requires constant attention and adaptation as threats and attack methods are constantly evolving. Through a comprehensive IT security strategy, companies and organizations can better protect their information and data and minimize potential risks.<\/span><\/p>\n<p>[\/et_pb_text][et_pb_image src=&#8220;https:\/\/echo-dc.eu\/wp-content\/uploads\/2023\/07\/IT-Sicherheit.png&#8220; title_text=&#8220;IT-Sicherheit&#8220; align=&#8220;center&#8220; _builder_version=&#8220;4.21.0&#8243; _module_preset=&#8220;default&#8220; width=&#8220;60%&#8220; global_colors_info=&#8220;{}&#8220; theme_builder_area=&#8220;post_content&#8220;][\/et_pb_image][et_pb_text _builder_version=&#8220;4.21.0&#8243; text_font=&#8220;||||||||&#8220; text_letter_spacing=&#8220;2px&#8220; text_line_height=&#8220;2em&#8220; header_font=&#8220;|||on|||||&#8220; header_font_size=&#8220;24px&#8220; header_3_font=&#8220;|600||on|||||&#8220; header_3_line_height=&#8220;1.4em&#8220; background_color=&#8220;#ffffff&#8220; max_width=&#8220;992px&#8220; min_height=&#8220;215px&#8220; custom_margin=&#8220;13px||||false|false&#8220; custom_padding=&#8220;50px|40px|60px|39px|false|false&#8220; custom_padding_tablet=&#8220;30px|30px|30px|30px|true|true&#8220; custom_padding_phone=&#8220;20px|20px|20px|20px|true|true&#8220; custom_padding_last_edited=&#8220;on|phone&#8220; hover_enabled=&#8220;0&#8243; border_color_all=&#8220;rgba(51,51,51,0.06)&#8220; border_width_right=&#8220;1px&#8220; border_width_left=&#8220;1px&#8220; locked=&#8220;off&#8220; global_colors_info=&#8220;{}&#8220; theme_builder_area=&#8220;post_content&#8220; sticky_enabled=&#8220;0&#8243;]<\/p>\n<p><strong>With SAP outsourcing, various aspects of the SAP system can be outsourced to external service providers, including:<\/strong><\/p>\n<ol type=\"1\">\n<li value=\"1\" style=\"text-align: left;\"><span><strong>Infrastruktur-Management:<\/strong> With SAP outsourcing, various aspects of the SAP system can be outsourced to external service providers, including:<\/span><\/li>\n<li style=\"text-align: left;\"><span><strong>System operation:<\/strong> In this case, the daily operation of the SAP system is outsourced to the service provider. This includes monitoring, maintaining, and updating the system, performing system backups, and troubleshooting.<\/span><\/li>\n<li style=\"text-align: left;\"><span><strong>Application development and maintenance:<\/strong> Companies can delegate the development, customization and maintenance of SAP applications to external service providers. This includes programming specific functions or modules, adapting them to new business requirements, and troubleshooting.<\/span><\/li>\n<li style=\"text-align: left;\"><span><strong>User-Support:<\/strong> The service provider can also provide support to SAP users by answering inquiries, conducting training, and providing technical support. This can include both help desk support and on-site support.<\/span><\/li>\n<\/ol>\n<p style=\"text-align: left;\"><strong>Advantages of SAP outsourcing can be:<\/strong><\/p>\n<ol type=\"1\" style=\"text-align: left;\">\n<li value=\"1\"><span><strong>Cost savings:<\/strong> By outsourcing SAP tasks to external service providers, companies can reduce costs for infrastructure, personnel and training. Instead, you pay a regular fee to the service provider, which is usually calculated based on the agreed service level agreement (SLA).<\/span><\/li>\n<li><span><strong>ccess to expertise:<\/strong> External service providers who specialize in SAP have expertise and experience in managing and developing SAP systems. Companies can benefit from this expertise without having to build up in-house know-how.<\/span><\/li>\n<li><span><strong>Focus on core competencies:<\/strong> By outsourcing certain SAP tasks, companies can focus their resources and capacity on their core competencies and focus on their strategic business goals.<\/span><\/li>\n<\/ol>\n<p>[\/et_pb_text][\/et_pb_column][\/et_pb_row][et_pb_row _builder_version=&#8220;4.21.0&#8243; _module_preset=&#8220;default&#8220; global_colors_info=&#8220;{}&#8220; theme_builder_area=&#8220;post_content&#8220;][et_pb_column type=&#8220;4_4&#8243; _builder_version=&#8220;4.21.0&#8243; _module_preset=&#8220;default&#8220; global_colors_info=&#8220;{}&#8220; theme_builder_area=&#8220;post_content&#8220;][et_pb_text _builder_version=&#8220;4.21.0&#8243; _module_preset=&#8220;default&#8220; text_line_height=&#8220;1.8em&#8220; max_width=&#8220;800px&#8220; hover_enabled=&#8220;0&#8243; global_colors_info=&#8220;{}&#8220; theme_builder_area=&#8220;post_content&#8220; sticky_enabled=&#8220;0&#8243;]<\/p>\n<p style=\"text-align: center;\"><span>However, it is important to note that SAP outsourcing can also present some challenges, such as the need for clear communication and collaboration with the service provider, ensuring compliance with data protection and security requirements, and ensuring smooth integration between internal and external systems.<\/span><\/p>\n<p style=\"text-align: center;\"><span>Overall, SAP outsourcing offers companies the opportunity to reduce costs, leverage expertise, and focus on their core business, while ensuring efficient and reliable management of their SAP system.<\/span><\/p>\n<p>[\/et_pb_text][\/et_pb_column][\/et_pb_row][et_pb_row _builder_version=&#8220;4.16&#8243; _module_preset=&#8220;default&#8220; global_colors_info=&#8220;{}&#8220; theme_builder_area=&#8220;post_content&#8220;][et_pb_column type=&#8220;4_4&#8243; _builder_version=&#8220;4.16&#8243; _module_preset=&#8220;default&#8220; global_colors_info=&#8220;{}&#8220; theme_builder_area=&#8220;post_content&#8220;][et_pb_text _builder_version=&#8220;4.16&#8243; _module_preset=&#8220;default&#8220; global_colors_info=&#8220;{}&#8220; theme_builder_area=&#8220;post_content&#8220;]<\/p>\n<p>Get in touch with us. We work out an individual solution with you.<\/p>\n<p>[\/et_pb_text][et_pb_button button_url=&#8220;https:\/\/echo-dc.eu\/#kontakt&#8220; button_text=&#8220;Kontakt&#8220; button_alignment=&#8220;center&#8220; _builder_version=&#8220;4.16&#8243; _module_preset=&#8220;default&#8220; custom_button=&#8220;on&#8220; button_text_color=&#8220;#003399&#8243; button_bg_color=&#8220;#FFFFFF&#8220; button_border_radius=&#8220;2px&#8220; button_letter_spacing=&#8220;2px&#8220; button_font=&#8220;|||||on|||&#8220; button_use_icon=&#8220;off&#8220; box_shadow_style=&#8220;preset2&#8243; box_shadow_horizontal=&#8220;5px&#8220; box_shadow_vertical=&#8220;5px&#8220; global_colors_info=&#8220;{}&#8220; theme_builder_area=&#8220;post_content&#8220;][\/et_pb_button][\/et_pb_column][\/et_pb_row][\/et_pb_section]<\/p>","protected":false},"excerpt":{"rendered":"<p>SAP-Outsourcing bezieht sich auf den Prozess, bei dem Unternehmen bestimmte Aufgaben oder Prozesse im Zusammenhang mit ihrem SAP-System an externe Dienstleister auslagern. SAP steht f\u00fcr Systems, Applications and Products in Data Processing und ist ein f\u00fchrender Anbieter von Unternehmenssoftwarel\u00f6sungen.Beim SAP-Outsourcing k\u00f6nnen verschiedene Aspekte des SAP-Systems an externe Dienstleister \u00fcbertragen werden, darunter: Infrastruktur-Management: Dies umfasst den [&hellip;]<\/p>","protected":false},"author":1,"featured_media":0,"parent":0,"menu_order":0,"comment_status":"closed","ping_status":"closed","template":"","meta":{"_et_pb_use_builder":"on","_et_pb_old_content":"","_et_gb_content_width":"","footnotes":""},"class_list":["post-242938","page","type-page","status-publish","hentry"],"_links":{"self":[{"href":"https:\/\/echo-dc.eu\/en\/wp-json\/wp\/v2\/pages\/242938","targetHints":{"allow":["GET"]}}],"collection":[{"href":"https:\/\/echo-dc.eu\/en\/wp-json\/wp\/v2\/pages"}],"about":[{"href":"https:\/\/echo-dc.eu\/en\/wp-json\/wp\/v2\/types\/page"}],"author":[{"embeddable":true,"href":"https:\/\/echo-dc.eu\/en\/wp-json\/wp\/v2\/users\/1"}],"replies":[{"embeddable":true,"href":"https:\/\/echo-dc.eu\/en\/wp-json\/wp\/v2\/comments?post=242938"}],"version-history":[{"count":2,"href":"https:\/\/echo-dc.eu\/en\/wp-json\/wp\/v2\/pages\/242938\/revisions"}],"predecessor-version":[{"id":242943,"href":"https:\/\/echo-dc.eu\/en\/wp-json\/wp\/v2\/pages\/242938\/revisions\/242943"}],"wp:attachment":[{"href":"https:\/\/echo-dc.eu\/en\/wp-json\/wp\/v2\/media?parent=242938"}],"curies":[{"name":"wp","href":"https:\/\/api.w.org\/{rel}","templated":true}]}}