{"id":242992,"date":"2023-07-19T06:21:18","date_gmt":"2023-07-19T06:21:18","guid":{"rendered":"https:\/\/echo-dc.eu\/?page_id=242992"},"modified":"2023-08-08T13:28:56","modified_gmt":"2023-08-08T13:28:56","slug":"open-stack-cloud-computing","status":"publish","type":"page","link":"https:\/\/echo-dc.eu\/en\/open-stack-cloud-computing\/","title":{"rendered":"Open Stack Cloud Computing"},"content":{"rendered":"<p>[et_pb_section fb_built=&#8220;1&#8243; fullwidth=&#8220;on&#8220; admin_label=&#8220;Hero Section&#8220; _builder_version=&#8220;4.21.0&#8243; background_color=&#8220;#003399&#8243; background_image=&#8220;https:\/\/echo-dc.eu\/wp-content\/uploads\/2022\/05\/Datacenter.jpg&#8220; global_colors_info=&#8220;{}&#8220;][et_pb_fullwidth_header title=&#8220;ECHO&#8220; subhead=&#8220;Open Stack Cloud Computing&#8220; text_orientation=&#8220;center&#8220; background_overlay_color=&#8220;rgba(0,0,0,0.8)&#8220; content_max_width=&#8220;550px&#8220; _builder_version=&#8220;4.21.0&#8243; title_font=&#8220;|||on|||||&#8220; title_text_color=&#8220;#FFCC33&#8243; title_font_size=&#8220;16px&#8220; title_letter_spacing=&#8220;2px&#8220; title_line_height=&#8220;1.4em&#8220; content_font=&#8220;|||on|||||&#8220; content_letter_spacing=&#8220;2px&#8220; content_line_height=&#8220;2em&#8220; subhead_font=&#8220;|||on|||||&#8220; subhead_font_size=&#8220;24px&#8220; subhead_letter_spacing=&#8220;2px&#8220; subhead_line_height=&#8220;1.8em&#8220; background_color=&#8220;rgba(255, 255, 255, 0)&#8220; background_image=&#8220;https:\/\/echo-dc.eu\/wp-content\/uploads\/2021\/11\/consultant-11.jpg&#8220; parallax=&#8220;on&#8220; parallax_method=&#8220;on&#8220; custom_button_one=&#8220;on&#8220; button_one_border_width=&#8220;1px&#8220; button_one_border_color=&#8220;rgba(255,255,255,0.3)&#8220; button_one_border_radius=&#8220;0px&#8220; button_one_letter_spacing=&#8220;1px&#8220; button_one_font=&#8220;Saira Extra Condensed|600||on|||||&#8220; button_one_icon=&#8220;&#x24;||divi||400&#8243; button_one_icon_color=&#8220;#edbb5f&#8220; custom_button_two=&#8220;on&#8220; button_two_border_width=&#8220;1px&#8220; button_two_border_color=&#8220;rgba(255,255,255,0.3)&#8220; button_two_border_radius=&#8220;0px&#8220; button_two_letter_spacing=&#8220;1px&#8220; button_two_font=&#8220;Saira Extra Condensed|600||on|||||&#8220; button_two_icon=&#8220;&#x24;||divi||400&#8243; button_two_icon_color=&#8220;#edbb5f&#8220; module_alignment=&#8220;right&#8220; custom_margin=&#8220;|||&#8220; custom_padding=&#8220;0.2%||96px|||&#8220; custom_padding_tablet=&#8220;8%||130px||false|false&#8220; custom_padding_phone=&#8220;||80px||false|false&#8220; custom_padding_last_edited=&#8220;on|phone&#8220; button_one_text_color_hover=&#8220;#edbb5f&#8220; button_two_text_color_hover=&#8220;#edbb5f&#8220; button_one_bg_color_hover=&#8220;rgba(0,0,0,0)&#8220; button_two_bg_color_hover=&#8220;rgba(0,0,0,0)&#8220; global_colors_info=&#8220;{}&#8220; button_one_text_size__hover_enabled=&#8220;off&#8220; button_two_text_size__hover_enabled=&#8220;off&#8220; button_one_text_color__hover_enabled=&#8220;on&#8220; button_one_text_color__hover=&#8220;#edbb5f&#8220; button_two_text_color__hover_enabled=&#8220;on&#8220; button_two_text_color__hover=&#8220;#edbb5f&#8220; button_one_border_width__hover_enabled=&#8220;off&#8220; button_two_border_width__hover_enabled=&#8220;off&#8220; button_one_border_color__hover_enabled=&#8220;off&#8220; button_two_border_color__hover_enabled=&#8220;off&#8220; button_one_border_radius__hover_enabled=&#8220;off&#8220; button_two_border_radius__hover_enabled=&#8220;off&#8220; button_one_letter_spacing__hover_enabled=&#8220;off&#8220; button_two_letter_spacing__hover_enabled=&#8220;off&#8220; button_one_bg_color__hover_enabled=&#8220;on&#8220; button_one_bg_color__hover=&#8220;rgba(0,0,0,0)&#8220; button_two_bg_color__hover_enabled=&#8220;on&#8220; button_two_bg_color__hover=&#8220;rgba(0,0,0,0)&#8220;][\/et_pb_fullwidth_header][\/et_pb_section][et_pb_section fb_built=&#8220;1&#8243; admin_label=&#8220;Attributes&#8220; _builder_version=&#8220;4.21.0&#8243; custom_margin=&#8220;|||&#8220; custom_padding=&#8220;0px|0px|100px|0px&#8220; global_colors_info=&#8220;{}&#8220;][et_pb_row use_custom_gutter=&#8220;on&#8220; gutter_width=&#8220;1&#8243; _builder_version=&#8220;4.16&#8243; background_color=&#8220;#ffffff&#8220; max_width=&#8220;1440px&#8220; custom_margin=&#8220;|||&#8220; custom_padding=&#8220;27px|0px|0px|0px&#8220; box_shadow_style=&#8220;preset3&#8243; box_shadow_vertical=&#8220;15px&#8220; box_shadow_blur=&#8220;80px&#8220; box_shadow_color=&#8220;rgba(0,0,0,0.15)&#8220; use_custom_width=&#8220;on&#8220; custom_width_px=&#8220;1440px&#8220; global_colors_info=&#8220;{}&#8220;][et_pb_column type=&#8220;4_4&#8243; _builder_version=&#8220;4.16&#8243; custom_padding=&#8220;|||&#8220; global_colors_info=&#8220;{}&#8220; custom_padding__hover=&#8220;|||&#8220;][et_pb_text _builder_version=&#8220;4.21.0&#8243; text_font=&#8220;||||||||&#8220; text_letter_spacing=&#8220;2px&#8220; text_line_height=&#8220;2em&#8220; header_font=&#8220;|||on|||||&#8220; header_font_size=&#8220;24px&#8220; header_3_font=&#8220;|600||on|||||&#8220; header_3_line_height=&#8220;1.4em&#8220; background_color=&#8220;#ffffff&#8220; max_width=&#8220;992px&#8220; min_height=&#8220;215px&#8220; custom_margin=&#8220;-100px||||false|false&#8220; custom_padding=&#8220;26px|40px|60px|39px|false|false&#8220; custom_padding_tablet=&#8220;30px|30px|30px|30px|true|true&#8220; custom_padding_phone=&#8220;20px|20px|20px|20px|true|true&#8220; custom_padding_last_edited=&#8220;on|phone&#8220; border_color_all=&#8220;rgba(51,51,51,0.06)&#8220; border_width_right=&#8220;1px&#8220; border_width_left=&#8220;1px&#8220; locked=&#8220;off&#8220; global_colors_info=&#8220;{}&#8220;]<\/p>\n<p><span><strong>OpenStack<\/strong> is an open-source cloud computing platform that enables organizations to create and manage private, public, or hybrid cloud environments. The platform offers a set of services and components that are flexible and scalable, enabling organizations to use infrastructure resources efficiently.<\/span><\/p>\n<p>[\/et_pb_text][et_pb_image src=&#8220;https:\/\/echo-dc.eu\/wp-content\/uploads\/2023\/08\/cloud-computing.png&#8220; title_text=&#8220;cloud computing&#8220; align=&#8220;center&#8220; _builder_version=&#8220;4.21.2&#8243; _module_preset=&#8220;default&#8220; width=&#8220;60%&#8220; global_colors_info=&#8220;{}&#8220;][\/et_pb_image][et_pb_text _builder_version=&#8220;4.21.0&#8243; text_font=&#8220;||||||||&#8220; text_letter_spacing=&#8220;2px&#8220; text_line_height=&#8220;2em&#8220; header_font=&#8220;|||on|||||&#8220; header_font_size=&#8220;24px&#8220; header_3_font=&#8220;|600||on|||||&#8220; header_3_line_height=&#8220;1.4em&#8220; background_color=&#8220;#ffffff&#8220; max_width=&#8220;992px&#8220; min_height=&#8220;215px&#8220; custom_margin=&#8220;13px||||false|false&#8220; custom_padding=&#8220;50px|40px|60px|39px|false|false&#8220; custom_padding_tablet=&#8220;30px|30px|30px|30px|true|true&#8220; custom_padding_phone=&#8220;20px|20px|20px|20px|true|true&#8220; custom_padding_last_edited=&#8220;on|phone&#8220; border_color_all=&#8220;rgba(51,51,51,0.06)&#8220; border_width_right=&#8220;1px&#8220; border_width_left=&#8220;1px&#8220; locked=&#8220;off&#8220; global_colors_info=&#8220;{}&#8220;]<\/p>\n<p><strong>Here are some key features and functionality of OpenStack:<\/strong><\/p>\n<p><strong><\/strong><\/p>\n<ol type=\"1\">\n<li value=\"1\"><span><strong>Modularity:<\/strong> OpenStack is a collection of modular services called projects. Each project offers specific features and allows companies to select the components they need and customize them to meet their needs. OpenStack's core projects include Compute (Nova), Networking (Neutron), Storage (Cinder, Swift), and Identity (Keystone).<\/span><\/li>\n<li><span><strong>Infrastructure as a Service (IaaS):<\/strong> OpenStack provides an IaaS platform that enables organizations to deploy and manage virtual machines (VMs), networking, storage resources, and other infrastructure services. Organizations can create and manage their own resource pools to scale capacity and optimize infrastructure utilization.<\/span><\/li>\n<li><span><strong>Scalability and flexibility:<\/strong> OpenStack enables organizations to flexibly scale their cloud environments and adapt them to their needs. Organizations can dynamically add or remove resources to respond to changing workload demands and maximize efficiency.<\/span><\/li>\n<li><span><strong>Multi-cloud support:<\/strong> OpenStack provides support for various cloud models, including private clouds, public clouds, and hybrid cloud environments. This allows organizations to choose the appropriate cloud strategy and seamlessly integrate and manage cloud resources, regardless of the cloud infrastructure used.<\/span><\/li>\n<li><span><strong>Openness and interoperability:<\/strong> Built on open source principles, OpenStack enables organizations to design their cloud environments without the constraints of proprietary technologies or vendor dependencies. The platform supports a wide range of hardware, network, and storage solutions and promotes interoperability between different cloud providers.<\/span><\/li>\n<li><span><strong>Community Support:<\/strong> OpenStack has a large and active community of developers and users who are continuously working on the further development and improvement of the platform. The community provides support, resources, training, and best practices to help organizations implement and use OpenStack.<\/span><\/li>\n<\/ol>\n<p>[\/et_pb_text][\/et_pb_column][\/et_pb_row][et_pb_row _builder_version=&#8220;4.21.0&#8243; _module_preset=&#8220;default&#8220; global_colors_info=&#8220;{}&#8220;][et_pb_column type=&#8220;4_4&#8243; _builder_version=&#8220;4.21.0&#8243; _module_preset=&#8220;default&#8220; global_colors_info=&#8220;{}&#8220;][et_pb_text _builder_version=&#8220;4.21.0&#8243; _module_preset=&#8220;default&#8220; text_line_height=&#8220;1.8em&#8220; max_width=&#8220;800px&#8220; global_colors_info=&#8220;{}&#8220;]<\/p>\n<p style=\"text-align: center;\"><span>OpenStack provides organizations with the ability to create and manage high-performance and flexible cloud environments. It enables the efficient use of infrastructure resources, scalability of workloads, and interoperability between different cloud platforms. Through its openness and active community, OpenStack gives organizations the flexibility and control to design cloud solutions according to their specific needs.<\/span><\/p>\n<p>[\/et_pb_text][\/et_pb_column][\/et_pb_row][et_pb_row _builder_version=&#8220;4.16&#8243; _module_preset=&#8220;default&#8220; global_colors_info=&#8220;{}&#8220;][et_pb_column type=&#8220;4_4&#8243; _builder_version=&#8220;4.16&#8243; _module_preset=&#8220;default&#8220; global_colors_info=&#8220;{}&#8220;][et_pb_text _builder_version=&#8220;4.16&#8243; _module_preset=&#8220;default&#8220; global_colors_info=&#8220;{}&#8220;]<\/p>\n<p>Get in touch with us. We work out an individual solution with you.<\/p>\n<p>[\/et_pb_text][et_pb_button button_url=&#8220;https:\/\/echo-dc.eu\/#kontakt&#8220; button_text=&#8220;Kontakt&#8220; button_alignment=&#8220;center&#8220; _builder_version=&#8220;4.16&#8243; _module_preset=&#8220;default&#8220; custom_button=&#8220;on&#8220; button_text_color=&#8220;#003399&#8243; button_bg_color=&#8220;#FFFFFF&#8220; button_border_radius=&#8220;2px&#8220; button_letter_spacing=&#8220;2px&#8220; button_font=&#8220;|||||on|||&#8220; button_use_icon=&#8220;off&#8220; box_shadow_style=&#8220;preset2&#8243; box_shadow_horizontal=&#8220;5px&#8220; box_shadow_vertical=&#8220;5px&#8220; global_colors_info=&#8220;{}&#8220;][\/et_pb_button][\/et_pb_column][\/et_pb_row][\/et_pb_section]<\/p>","protected":false},"excerpt":{"rendered":"<p>OpenStack ist eine Open-Source-Plattform f\u00fcr das Cloud Computing, die es Unternehmen erm\u00f6glicht, private, \u00f6ffentliche oder hybride Cloud-Umgebungen zu erstellen und zu verwalten. Die Plattform bietet eine Reihe von Diensten und Komponenten, die flexibel und skalierbar sind und es Unternehmen erm\u00f6glichen, Infrastrukturressourcen effizient zu nutzen.Hier sind einige wichtige Merkmale und Funktionen von OpenStack: Modularit\u00e4t: OpenStack besteht [&hellip;]<\/p>","protected":false},"author":1,"featured_media":0,"parent":0,"menu_order":0,"comment_status":"closed","ping_status":"closed","template":"","meta":{"_et_pb_use_builder":"on","_et_pb_old_content":"","_et_gb_content_width":"","footnotes":""},"class_list":["post-242992","page","type-page","status-publish","hentry"],"_links":{"self":[{"href":"https:\/\/echo-dc.eu\/en\/wp-json\/wp\/v2\/pages\/242992","targetHints":{"allow":["GET"]}}],"collection":[{"href":"https:\/\/echo-dc.eu\/en\/wp-json\/wp\/v2\/pages"}],"about":[{"href":"https:\/\/echo-dc.eu\/en\/wp-json\/wp\/v2\/types\/page"}],"author":[{"embeddable":true,"href":"https:\/\/echo-dc.eu\/en\/wp-json\/wp\/v2\/users\/1"}],"replies":[{"embeddable":true,"href":"https:\/\/echo-dc.eu\/en\/wp-json\/wp\/v2\/comments?post=242992"}],"version-history":[{"count":3,"href":"https:\/\/echo-dc.eu\/en\/wp-json\/wp\/v2\/pages\/242992\/revisions"}],"predecessor-version":[{"id":243369,"href":"https:\/\/echo-dc.eu\/en\/wp-json\/wp\/v2\/pages\/242992\/revisions\/243369"}],"wp:attachment":[{"href":"https:\/\/echo-dc.eu\/en\/wp-json\/wp\/v2\/media?parent=242992"}],"curies":[{"name":"wp","href":"https:\/\/api.w.org\/{rel}","templated":true}]}}