{"id":243223,"date":"2023-08-02T21:17:01","date_gmt":"2023-08-02T21:17:01","guid":{"rendered":"https:\/\/echo-dc.eu\/?page_id=243223"},"modified":"2024-01-12T08:49:40","modified_gmt":"2024-01-12T08:49:40","slug":"rocket-chat","status":"publish","type":"page","link":"https:\/\/echo-dc.eu\/en\/rocket-chat\/","title":{"rendered":"rocket.chat"},"content":{"rendered":"<p>[et_pb_section fb_built=&#8220;1&#8243; custom_padding_last_edited=&#8220;on|tablet&#8220; admin_label=&#8220;Header&#8220; _builder_version=&#8220;4.21.0&#8243; _module_preset=&#8220;default&#8220; use_background_color_gradient=&#8220;on&#8220; background_color_gradient_stops=&#8220;rgba(0,0,0,0) 0%|#000000 86%&#8220; background_color_gradient_overlays_image=&#8220;on&#8220; background_image=&#8220;https:\/\/echo-dc.eu\/wp-content\/uploads\/2023\/06\/Head-Datacenter-dunkel.jpg&#8220; custom_padding=&#8220;2.3%||0px||false|false&#8220; custom_padding_tablet=&#8220;60px||||false|false&#8220; custom_padding_phone=&#8220;60px||||false|false&#8220; locked=&#8220;off&#8220; collapsed=&#8220;on&#8220; global_colors_info=&#8220;{}&#8220;][et_pb_row column_structure=&#8220;1_3,2_3&#8243; _builder_version=&#8220;4.23.4&#8243; _module_preset=&#8220;default&#8220; max_width=&#8220;700px&#8220; global_colors_info=&#8220;{}&#8220;][et_pb_column type=&#8220;1_3&#8243; _builder_version=&#8220;4.23.4&#8243; _module_preset=&#8220;default&#8220; hover_enabled=&#8220;0&#8243; global_colors_info=&#8220;{}&#8220; sticky_enabled=&#8220;0&#8243;][et_pb_image src=&#8220;https:\/\/echo-dc.eu\/wp-content\/uploads\/2023\/08\/rocket-chat.png&#8220; title_text=&#8220;rocket-chat&#8220; _builder_version=&#8220;4.23.4&#8243; _module_preset=&#8220;default&#8220; hover_enabled=&#8220;0&#8243; global_colors_info=&#8220;{}&#8220; width=&#8220;140%&#8220; sticky_enabled=&#8220;0&#8243;][\/et_pb_image][\/et_pb_column][et_pb_column type=&#8220;2_3&#8243; _builder_version=&#8220;4.18.0&#8243; _module_preset=&#8220;default&#8220; global_colors_info=&#8220;{}&#8220;][et_pb_text _builder_version=&#8220;4.21.0&#8243; _module_preset=&#8220;e6504a1b-67eb-4b3d-b023-bcab277610b6&#8243; text_font=&#8220;||||||||&#8220; text_text_color=&#8220;#FFFFFF&#8220; header_4_font=&#8220;Archivo|700||on|||||&#8220; header_4_text_color=&#8220;#FFFFFF&#8220; header_4_font_size=&#8220;14px&#8220; header_4_letter_spacing=&#8220;1px&#8220; header_4_line_height=&#8220;1.5em&#8220; custom_margin=&#8220;||0px||false|false&#8220; global_colors_info=&#8220;{%22gcid-f1414204-51c0-48ff-bc68-c545a86d03e7%22:%91%22header_4_text_color%22%93}&#8220;]<\/p>\n<h4>ECHO Distribution<\/h4>\n<p>[\/et_pb_text][et_pb_image src=&#8220;https:\/\/echo-dc.eu\/wp-content\/uploads\/2023\/07\/rocket_chat-logo-klein.png&#8220; title_text=&#8220;rocket_chat-logo-klein&#8220; _builder_version=&#8220;4.21.0&#8243; _module_preset=&#8220;default&#8220; width=&#8220;64%&#8220; module_alignment=&#8220;center&#8220; global_colors_info=&#8220;{}&#8220;][\/et_pb_image][et_pb_text _builder_version=&#8220;4.23.4&#8243; _module_preset=&#8220;518880c8-46c7-4ffa-b5a6-93ffa99dcc17&#8243; text_font=&#8220;Archivo||||||||&#8220; text_text_color=&#8220;#c9c9c9&#8243; text_font_size=&#8220;18px&#8220; text_line_height=&#8220;1.6em&#8220; custom_margin=&#8220;20px||41px|||&#8220; text_font_size_tablet=&#8220;16px&#8220; text_font_size_phone=&#8220;14px&#8220; text_font_size_last_edited=&#8220;on|phone&#8220; global_colors_info=&#8220;{%22gcid-6171fd24-b893-4d22-843a-f4129850a5c1%22:%91%22text_text_color%22%93}&#8220;]<\/p>\n<p>Take your communication to a new level.<br \/>rocket.chat Enterprise \u2013 jetzt bei uns verf\u00fcgbar.<\/p>\n<p>[\/et_pb_text][\/et_pb_column][\/et_pb_row][\/et_pb_section][et_pb_section fb_built=&#8220;1&#8243; admin_label=&#8220;Attributes&#8220; _builder_version=&#8220;4.21.2&#8243; custom_margin=&#8220;|||&#8220; custom_padding=&#8220;0px|0px|100px|0px&#8220; global_colors_info=&#8220;{}&#8220;][et_pb_row _builder_version=&#8220;4.23.4&#8243; background_enable_color=&#8220;off&#8220; max_width=&#8220;1200px&#8220; min_height=&#8220;131px&#8220; custom_margin=&#8220;3px|auto||auto|false|false&#8220; use_custom_width=&#8220;on&#8220; custom_width_px=&#8220;1440px&#8220; global_colors_info=&#8220;{}&#8220;][et_pb_column type=&#8220;4_4&#8243; _builder_version=&#8220;4.16&#8243; custom_padding=&#8220;|||&#8220; border_style_all=&#8220;none&#8220; global_colors_info=&#8220;{}&#8220; custom_padding__hover=&#8220;|||&#8220;][et_pb_text _builder_version=&#8220;4.23.4&#8243; _module_preset=&#8220;default&#8220; text_font=&#8220;||||||||&#8220; header_text_color=&#8220;#000c60&#8243; header_font_size=&#8220;32px&#8220; background_color=&#8220;#f7f7f7&#8243; max_width=&#8220;100%&#8220; custom_margin=&#8220;||||false|false&#8220; custom_padding=&#8220;20px|20px|20px|20px|false|false&#8220; border_radii=&#8220;on|1px|1px|1px|1px&#8220; border_width_all=&#8220;1px&#8220; border_color_all=&#8220;#003399&#8243; global_colors_info=&#8220;{}&#8220;]<\/p>\n<h1 style=\"font-weight: 400;\">rocket.chat is the largest<\/h1>\n<h1><strong>Open-Source- communications platform<\/strong><\/h1>\n<h1>of the world.\u00a0<\/h1>\n<p style=\"font-weight: 400;\">The <strong>Universal Tool<\/strong> for modern and secure communication, internally, externally and worldwide. High scalability and an almost infinite number of ready-to-use extensions. rocket.chat is used by many millions of users worldwide.<\/p>\n<p style=\"font-weight: 400;\">Whether as a classic chat tool, for the\u00a0<strong>Customer support<\/strong> or teamwork \u2013 rocket.chat helps to shift business processes to one platform and bundle resources.<\/p>\n<p style=\"font-weight: 400;\"><strong>Data integrity<\/strong> is the top priority at rocket.chat, which is why rocket.chat can also be hosted on in-house servers.<br \/>As an \"out of the box\" solution or as SasS ( Software as a Service ) from our German and European ECHO data centers.<\/p>\n<h4 style=\"font-weight: 400;\">The <strong>ECHO<\/strong> is an official distributor of rocket.chat.<\/h4>\n<p>[\/et_pb_text][\/et_pb_column][\/et_pb_row][et_pb_row _builder_version=&#8220;4.23.4&#8243; _module_preset=&#8220;default&#8220;][et_pb_column _builder_version=&#8220;4.23.4&#8243; _module_preset=&#8220;default&#8220; type=&#8220;4_4&#8243;][et_pb_pricing_tables _builder_version=&#8220;4.23.4&#8243; _module_preset=&#8220;default&#8220; hover_enabled=&#8220;0&#8243; sticky_enabled=&#8220;0&#8243;][et_pb_pricing_table title=&#8220;rocket.chat&#8220; subtitle=&#8220;Enterprise On-Premise&#8220; currency=&#8220;\u20ac&#8220; sum=&#8220;4,-&#8220; _builder_version=&#8220;4.23.4&#8243; _module_preset=&#8220;default&#8220; hover_enabled=&#8220;0&#8243; sticky_enabled=&#8220;0&#8243; price_text_color=&#8220;#005999&#8243;]<\/p>\n<p>per User\/month<\/p>\n<p>Installation in your hosting environment<\/p>\n<p>The highest levels of security, compliance, performance, and scalability.<\/p>\n<p><strong>From 25 User!!!<\/strong><\/p>\n<p>[\/et_pb_pricing_table][et_pb_pricing_table title=&#8220;rocket.chat&#8220; subtitle=&#8220;Enterprise SaaS&#8220; currency=&#8220;\u20ac&#8220; sum=&#8220;7,-&#8220; _builder_version=&#8220;4.23.4&#8243; _module_preset=&#8220;default&#8220; featured=&#8220;on&#8220; header_level=&#8220;h2&#8243; header_text_color=&#8220;#FFFFFF&#8220; header_background_color=&#8220;#E02900&#8243; hover_enabled=&#8220;0&#8243; sticky_enabled=&#8220;0&#8243; price_text_color=&#8220;#005999&#8243;]<\/p>\n<p>per User\/month\u00a0<\/p>\n<p>Quick Start for Operations \u2013 All Enterprise Features Included<\/p>\n<p>Provision of a ready-to-use rocket.chat environment.<\/p>\n<p><strong>From 25 User!!!<\/strong><\/p>\n<p>[\/et_pb_pricing_table][et_pb_pricing_table title=&#8220;rocket.chat&#8220; subtitle=&#8220;Enterprise + Video&#8220; currency=&#8220;\u20ac&#8220; sum=&#8220;auf Anfrage&#8220; _builder_version=&#8220;4.23.4&#8243; _module_preset=&#8220;default&#8220; hover_enabled=&#8220;0&#8243; sticky_enabled=&#8220;0&#8243; price_font_size=&#8220;42px&#8220; price_line_height=&#8220;84px&#8220; price_text_color=&#8220;#005999&#8243;]<\/p>\n<p>We offer public sector organizations and enterprises secure and customizable solutions for innovative and integrable video applications in numerous use cases:<\/p>\n<p>[\/et_pb_pricing_table][\/et_pb_pricing_tables][\/et_pb_column][\/et_pb_row][et_pb_row column_structure=&#8220;1_3,1_3,1_3&#8243; use_custom_gutter=&#8220;on&#8220; gutter_width=&#8220;2&#8243; make_equal=&#8220;on&#8220; _builder_version=&#8220;4.21.2&#8243; _module_preset=&#8220;default&#8220; background_enable_color=&#8220;off&#8220; max_width=&#8220;1200px&#8220; min_height=&#8220;131px&#8220; custom_margin=&#8220;-60px|auto||auto|false|false&#8220; global_colors_info=&#8220;{}&#8220;][et_pb_column type=&#8220;1_3&#8243; _builder_version=&#8220;4.21.2&#8243; _module_preset=&#8220;default&#8220; background_color=&#8220;#f4f4f4&#8243; custom_padding=&#8220;10px|10px|10px|10px|true|true&#8220; border_width_all=&#8220;1px&#8220; border_color_all=&#8220;#003399&#8243; box_shadow_style=&#8220;preset2&#8243; box_shadow_spread=&#8220;-7px&#8220; global_colors_info=&#8220;{}&#8220;][et_pb_text _builder_version=&#8220;4.21.2&#8243; _module_preset=&#8220;default&#8220; text_font=&#8220;||||||||&#8220; text_text_color=&#8220;#003399&#8243; text_font_size=&#8220;18px&#8220; background_color=&#8220;RGBA(255,255,255,0)&#8220; custom_margin=&#8220;-10px|-6px|20px|-6px|false|true&#8220; custom_padding=&#8220;20px|0px|20px|0px|true|true&#8220; border_width_bottom=&#8220;2px&#8220; border_color_bottom=&#8220;#E09900&#8243; global_colors_info=&#8220;{}&#8220;]<\/p>\n<h4 class=\"c-title-5\"><strong>Enterprise On-Premise<\/strong><\/h4>\n<p>[\/et_pb_text][et_pb_accordion _builder_version=&#8220;4.21.2&#8243; _module_preset=&#8220;default&#8220; global_colors_info=&#8220;{}&#8220;][et_pb_accordion_item title=&#8220;Zusammenarbeit im Team&#8220; open=&#8220;on&#8220; _builder_version=&#8220;4.21.2&#8243; _module_preset=&#8220;default&#8220; global_colors_info=&#8220;{}&#8220;]<\/p>\n<ul>\n<li><span><\/span>Unlimited &amp; Secure Push Notific<\/li>\n<li><span><\/span>Full Matrix Federation<\/li>\n<li><span><\/span>Advanced Identity Management<\/li>\n<li><span><\/span>Centralized administrative control<\/li>\n<li><span><\/span>Auditing capabilities and granular audit logs<\/li>\n<li><span><\/span>Data Loss Prevention<\/li>\n<li><span><\/span>Video conferencing integration<\/li>\n<li><span><\/span>User-defined roles and permission<\/li>\n<li><span><\/span>Guest User<span><\/span><\/li>\n<\/ul>\n<p>[\/et_pb_accordion_item][et_pb_accordion_item title=&#8220;Omnichannel-Kundenzusammenarbeit&#8220; _builder_version=&#8220;4.21.2&#8243; _module_preset=&#8220;default&#8220; global_colors_info=&#8220;{}&#8220; open=&#8220;off&#8220;]<\/p>\n<ul>\n<li><span><\/span>Ready-made messages for general messages<\/li>\n<li><span><\/span>Forward returning customers to the previous representative<\/li>\n<li><span><\/span>Prioritize high-impact requests<\/li>\n<li><span><\/span>Display of waiting time in the queue<\/li>\n<li><span><\/span>Mobile app for agents<\/li>\n<li><span><\/span>Routing requests across teams and departments<span><\/span><\/li>\n<\/ul>\n<p>[\/et_pb_accordion_item][et_pb_accordion_item title=&#8220;Channels&#8220; _builder_version=&#8220;4.21.2&#8243; _module_preset=&#8220;default&#8220; global_colors_info=&#8220;{}&#8220; open=&#8220;off&#8220;]<\/p>\n<ul>\n<li><span><\/span>Facebook Messenger<\/li>\n<li><span><\/span>WhatsApp Business<\/li>\n<li><span><\/span>Instagram<\/li>\n<li><span><\/span>Twitter \/ X<\/li>\n<li><span><\/span>Telegram<\/li>\n<li><span><\/span>E-Mail (Premium,<i> soon<\/i>)<\/li>\n<li><span><\/span>SMS (Premium, <i>soon<\/i>)<\/li>\n<li><span><\/span>VoIP<span><\/span><\/li>\n<\/ul>\n<p>[\/et_pb_accordion_item][et_pb_accordion_item title=&#8220;Skalierbarkeit&#8220; _builder_version=&#8220;4.21.2&#8243; _module_preset=&#8220;default&#8220; global_colors_info=&#8220;{}&#8220; open=&#8220;off&#8220;]<\/p>\n<ul>\n<li><span><\/span>Unlimited &amp; Secure Push Notific<\/li>\n<li><span><\/span>Unlimited marketplace apps<\/li>\n<li><span><\/span>Unlimited private applications<\/li>\n<li><span><\/span>Unlimited attendance<\/li>\n<li><span><\/span>Scaling Microservices<\/li>\n<li><span><\/span>Multi-instance scaling<span><\/span><\/li>\n<\/ul>\n<p>[\/et_pb_accordion_item][et_pb_accordion_item title=&#8220;Support&#8220; _builder_version=&#8220;4.21.2&#8243; _module_preset=&#8220;default&#8220; global_colors_info=&#8220;{}&#8220; open=&#8220;off&#8220;]<\/p>\n<ul>\n<li><span><\/span>Web-Support-Portal<span><\/span><\/li>\n<\/ul>\n<p>[\/et_pb_accordion_item][et_pb_accordion_item title=&#8220;Optionen f\u00fcr den Einsatz&#8220; _builder_version=&#8220;4.21.2&#8243; _module_preset=&#8220;default&#8220; global_colors_info=&#8220;{}&#8220; open=&#8220;off&#8220;]<\/p>\n<ul>\n<li><span><\/span>Self-managed<\/li>\n<\/ul>\n<p>[\/et_pb_accordion_item][\/et_pb_accordion][et_pb_text _builder_version=&#8220;4.21.0&#8243; _dynamic_attributes=&#8220;link_option_url&#8220; _module_preset=&#8220;default&#8220; link_option_url=&#8220;@ET-DC@eyJkeW5hbWljIjp0cnVlLCJjb250ZW50IjoicG9zdF9saW5rX3VybF9wYWdlIiwic2V0dGluZ3MiOnsicG9zdF9pZCI6IjI0MzI2MSJ9fQ==@&#8220; global_colors_info=&#8220;{}&#8220;]<\/p>\n<p><strong>Get in touch with us.<\/strong><\/p>\n<p>[\/et_pb_text][\/et_pb_column][et_pb_column type=&#8220;1_3&#8243; _builder_version=&#8220;4.21.2&#8243; _module_preset=&#8220;default&#8220; background_color=&#8220;#f4f4f4&#8243; custom_padding=&#8220;10px|10px|10px|10px|true|true&#8220; border_width_all=&#8220;1px&#8220; border_color_all=&#8220;#003399&#8243; box_shadow_style=&#8220;preset2&#8243; box_shadow_spread=&#8220;-7px&#8220; global_colors_info=&#8220;{}&#8220;][et_pb_text _builder_version=&#8220;4.21.0&#8243; _module_preset=&#8220;default&#8220; text_font=&#8220;||||||||&#8220; text_text_color=&#8220;#003399&#8243; text_font_size=&#8220;18px&#8220; background_color=&#8220;RGBA(255,255,255,0)&#8220; custom_margin=&#8220;-10px|-6px|20px|-6px|false|true&#8220; custom_padding=&#8220;20px|0px|20px|0px|true|true&#8220; border_width_bottom=&#8220;2px&#8220; border_color_bottom=&#8220;#E09900&#8243; global_colors_info=&#8220;{}&#8220;]<\/p>\n<h4 class=\"c-title-5\"><strong>Enterprise SaaS<\/strong><\/h4>\n<p>[\/et_pb_text][et_pb_accordion _builder_version=&#8220;4.21.2&#8243; _module_preset=&#8220;default&#8220; global_colors_info=&#8220;{}&#8220;][et_pb_accordion_item title=&#8220;Zusammenarbeit im Team&#8220; open=&#8220;on&#8220; _builder_version=&#8220;4.21.2&#8243; _module_preset=&#8220;default&#8220; global_colors_info=&#8220;{}&#8220;]<\/p>\n<ul>\n<li><span><\/span>Unlimited &amp; Secure Push Notific<\/li>\n<li><span><\/span>Full Matrix Federation<\/li>\n<li><span><\/span>Advanced Identity Management<\/li>\n<li><span><\/span>Centralized administrative control<\/li>\n<li><span><\/span>Auditing capabilities and granular audit logs<\/li>\n<li><span><\/span>Data Loss Prevention<\/li>\n<li><span><\/span>Video conferencing integration<\/li>\n<li><span><\/span>User-defined roles and permission<\/li>\n<li><span><\/span>Guest User<span><\/span><\/li>\n<\/ul>\n<p>[\/et_pb_accordion_item][et_pb_accordion_item title=&#8220;Omnichannel-Kundenzusammenarbeit&#8220; _builder_version=&#8220;4.21.0&#8243; _module_preset=&#8220;default&#8220; global_colors_info=&#8220;{}&#8220; open=&#8220;off&#8220;]<\/p>\n<ul>\n<li><span><\/span>Ready-made messages for general messages<\/li>\n<li><span><\/span>Forward returning customers to the previous representative<\/li>\n<li><span><\/span>Prioritize high-impact requests<\/li>\n<li><span><\/span>Display of waiting time in the queue<\/li>\n<li><span><\/span>Mobile app for agents<\/li>\n<li><span><\/span>Routing requests across teams and departments<span><\/span><\/li>\n<\/ul>\n<p>[\/et_pb_accordion_item][et_pb_accordion_item title=&#8220;Channels&#8220; _builder_version=&#8220;4.21.0&#8243; _module_preset=&#8220;default&#8220; global_colors_info=&#8220;{}&#8220; open=&#8220;off&#8220;]<\/p>\n<ul>\n<li><span><\/span>Facebook Messenger<\/li>\n<li><span><\/span>WhatsApp Business<\/li>\n<li><span><\/span>Instagram<\/li>\n<li><span><\/span>Twitter \/ X<\/li>\n<li><span><\/span>Telegram<\/li>\n<li><span><\/span>E-Mail (Premium,<i> soon<\/i>)<\/li>\n<li><span><\/span>SMS (Premium, <i>soon<\/i>)<\/li>\n<li><span><\/span>VoIP<span><\/span><\/li>\n<\/ul>\n<p>[\/et_pb_accordion_item][et_pb_accordion_item title=&#8220;Skalierbarkeit&#8220; _builder_version=&#8220;4.21.0&#8243; _module_preset=&#8220;default&#8220; global_colors_info=&#8220;{}&#8220; open=&#8220;off&#8220;]<\/p>\n<ul>\n<li><span><\/span>Unlimited &amp; Secure Push Notific<\/li>\n<li><span><\/span>Unlimited marketplace apps<\/li>\n<li><span><\/span>Unlimited private applications<\/li>\n<li><span><\/span>Unlimited attendance<\/li>\n<li><span><\/span>Scaling Microservices<\/li>\n<li><span><\/span>Multi-instance scaling<span><\/span><\/li>\n<\/ul>\n<p>[\/et_pb_accordion_item][et_pb_accordion_item title=&#8220;Support&#8220; _builder_version=&#8220;4.21.0&#8243; _module_preset=&#8220;default&#8220; global_colors_info=&#8220;{}&#8220; open=&#8220;off&#8220;]<\/p>\n<ul>\n<li><span><\/span>Web-Support-Portal<span><\/span><\/li>\n<\/ul>\n<p>[\/et_pb_accordion_item][et_pb_accordion_item title=&#8220;Optionen f\u00fcr den Einsatz&#8220; _builder_version=&#8220;4.21.0&#8243; _module_preset=&#8220;default&#8220; global_colors_info=&#8220;{}&#8220; open=&#8220;off&#8220;]<\/p>\n<ul>\n<li><span><\/span>Standard-Cloud-Hosting-Tarif<\/li>\n<li><span><\/span>\u2013 OVH hosting in standard regions<\/li>\n<li><span><\/span>\u2013 Shared infrastructure<\/li>\n<li><span><\/span>\u2013 Limited cloud support (see Terms of Service)<\/li>\n<li><span><\/span>\u2013 Volume limits (see Terms of Use)<\/li>\n<li><span><\/span>\u2013 500 maximum users<\/li>\n<li><span><\/span>\u2013 50 GB storage space<\/li>\n<\/ul>\n<p>[\/et_pb_accordion_item][\/et_pb_accordion][et_pb_text _builder_version=&#8220;4.21.0&#8243; _dynamic_attributes=&#8220;link_option_url&#8220; _module_preset=&#8220;default&#8220; link_option_url=&#8220;@ET-DC@eyJkeW5hbWljIjp0cnVlLCJjb250ZW50IjoicG9zdF9saW5rX3VybF9wYWdlIiwic2V0dGluZ3MiOnsicG9zdF9pZCI6IjI0MzI2MSJ9fQ==@&#8220; global_colors_info=&#8220;{}&#8220;]<\/p>\n<p><strong>Get in touch with us.<\/strong><\/p>\n<p>[\/et_pb_text][\/et_pb_column][et_pb_column type=&#8220;1_3&#8243; _builder_version=&#8220;4.21.2&#8243; _module_preset=&#8220;default&#8220; background_color=&#8220;#f4f4f4&#8243; custom_padding=&#8220;10px|10px|10px|10px|true|true&#8220; border_width_all=&#8220;1px&#8220; border_color_all=&#8220;#003399&#8243; box_shadow_style=&#8220;preset2&#8243; box_shadow_spread=&#8220;-7px&#8220; global_colors_info=&#8220;{}&#8220;][et_pb_text _builder_version=&#8220;4.23.4&#8243; _module_preset=&#8220;default&#8220; text_font=&#8220;||||||||&#8220; text_text_color=&#8220;#003399&#8243; text_font_size=&#8220;18px&#8220; background_color=&#8220;RGBA(255,255,255,0)&#8220; custom_margin=&#8220;-10px|-6px|20px|-6px|false|true&#8220; custom_padding=&#8220;20px|0px|20px|0px|true|true&#8220; border_width_bottom=&#8220;2px&#8220; border_color_bottom=&#8220;#E09900&#8243; global_colors_info=&#8220;{}&#8220;]<\/p>\n<h4 class=\"c-title-5\"><strong>Enterprise + Video<\/strong><\/h4>\n<p>[\/et_pb_text][et_pb_accordion _builder_version=&#8220;4.23.4&#8243; _module_preset=&#8220;default&#8220; hover_enabled=&#8220;0&#8243; global_colors_info=&#8220;{}&#8220; sticky_enabled=&#8220;0&#8243;][et_pb_accordion_item title=&#8220;Zusammenarbeit im Team&#8220; open=&#8220;off&#8220; _builder_version=&#8220;4.21.2&#8243; _module_preset=&#8220;default&#8220; global_colors_info=&#8220;{}&#8220;]<\/p>\n<p><span><\/span>for example, in digital citizen advice, at highly secure meetings in the field of research or in the context of telemedical video conferences in the healthcare sector.<\/p>\n<p>[\/et_pb_accordion_item][et_pb_accordion_item title=&#8220;Videokommunikationsplattform&#8220; _builder_version=&#8220;4.21.2&#8243; _module_preset=&#8220;default&#8220; global_colors_info=&#8220;{}&#8220; open=&#8220;on&#8220;]<\/p>\n<p>The video communication platform can be provided both in the cloud and self-hosted, combining various collaboration solutions with video room systems for seamless collaboration.<\/p>\n<p>[\/et_pb_accordion_item][\/et_pb_accordion][et_pb_text _builder_version=&#8220;4.21.2&#8243; _dynamic_attributes=&#8220;link_option_url&#8220; _module_preset=&#8220;default&#8220; link_option_url=&#8220;@ET-DC@eyJkeW5hbWljIjp0cnVlLCJjb250ZW50IjoicG9zdF9saW5rX3VybF9wYWdlIiwic2V0dGluZ3MiOnsicG9zdF9pZCI6IjI0MzI2MSJ9fQ==@&#8220; global_colors_info=&#8220;{}&#8220;]<\/p>\n<p><strong>Get in touch with us.<\/strong><\/p>\n<p>[\/et_pb_text][\/et_pb_column][\/et_pb_row][et_pb_row _builder_version=&#8220;4.21.2&#8243; _module_preset=&#8220;default&#8220; max_width=&#8220;1200px&#8220; global_colors_info=&#8220;{}&#8220;][et_pb_column type=&#8220;4_4&#8243; _builder_version=&#8220;4.21.2&#8243; _module_preset=&#8220;default&#8220; global_colors_info=&#8220;{}&#8220;][et_pb_text _builder_version=&#8220;4.21.2&#8243; _module_preset=&#8220;default&#8220; text_font=&#8220;||||||||&#8220; header_font_size=&#8220;32px&#8220; background_color=&#8220;#f7f7f7&#8243; max_width=&#8220;100%&#8220; custom_margin=&#8220;||||false|false&#8220; custom_padding=&#8220;20px|20px|20px|20px|false|false&#8220; border_radii=&#8220;on|1px|1px|1px|1px&#8220; border_width_all=&#8220;1px&#8220; border_color_all=&#8220;#003399&#8243; global_colors_info=&#8220;{}&#8220;]<\/p>\n<p style=\"font-weight: 400;\">As an official\u00a0<strong>Distributor<\/strong> At rocket.chat, we support medium-sized and large companies and, of course, public sector institutions in the planning, implementation, introduction and use of rocket.chat.<\/p>\n<p style=\"font-weight: 400;\"><strong>Safety <\/strong>and GDPR compliance<\/p>\n<p><strong>End-to-end encryption (E2E encryption)<\/strong><\/p>\n<p style=\"font-weight: 400;\">Encrypted messages are also available to the operator with full access to the service, system and databases <strong>indecipherable<\/strong>,<\/p>\n<p style=\"font-weight: 400;\"><strong>Universal and simple<\/strong><\/p>\n<p style=\"font-weight: 400;\">rocket.chat supports sending files, images and videos, as well as integrating various services such as GitLab, etc., via bot and API. The service can be used via the browser, i.e. without being installed on your own device. In addition, there are clients and apps for mobile devices for Windows, macOS and Linux.<\/p>\n<p style=\"font-weight: 400;\"><strong>Whitelabel<\/strong>. Use the service with your own logo and distribute it under your own name.<\/p>\n<p style=\"font-weight: 400;\"><strong>Re-Selling.<\/strong> Resellers please contact us to get the interesting reseller conditions.<\/p>\n<p style=\"font-weight: 400;\">[\/et_pb_text][et_pb_divider color=&#8220;#E09900&#8243; divider_weight=&#8220;2px&#8220; _builder_version=&#8220;4.21.2&#8243; _module_preset=&#8220;default&#8220; global_colors_info=&#8220;{}&#8220;][\/et_pb_divider][\/et_pb_column][\/et_pb_row][et_pb_row _builder_version=&#8220;4.21.0&#8243; _module_preset=&#8220;default&#8220; global_colors_info=&#8220;{}&#8220;][et_pb_column type=&#8220;4_4&#8243; _builder_version=&#8220;4.21.0&#8243; _module_preset=&#8220;default&#8220; global_colors_info=&#8220;{}&#8220;][et_pb_text _builder_version=&#8220;4.21.0&#8243; _module_preset=&#8220;default&#8220; max_width=&#8220;900px&#8220; global_colors_info=&#8220;{}&#8220;]<\/p>\n<p>As the official German distributor of Rocket.Chat, we offer you the license models shown above to quickly and easily switch to Rocket.Chat Enterprise.<\/p>\n<p>[\/et_pb_text][\/et_pb_column][\/et_pb_row][et_pb_row _builder_version=&#8220;4.16&#8243; _module_preset=&#8220;default&#8220; global_colors_info=&#8220;{}&#8220;][et_pb_column type=&#8220;4_4&#8243; _builder_version=&#8220;4.16&#8243; _module_preset=&#8220;default&#8220; global_colors_info=&#8220;{}&#8220;][et_pb_text _builder_version=&#8220;4.21.2&#8243; _module_preset=&#8220;default&#8220; global_colors_info=&#8220;{}&#8220;]<\/p>\n<p>Get in touch with us. We work out an individual solution with you.<\/p>\n<p>[\/et_pb_text][et_pb_button button_url=&#8220;@ET-DC@eyJkeW5hbWljIjp0cnVlLCJjb250ZW50IjoicG9zdF9saW5rX3VybF9wYWdlIiwic2V0dGluZ3MiOnsicG9zdF9pZCI6IjI0MzI2MSJ9fQ==@&#8220; button_text=&#8220;Kontakt&#8220; button_alignment=&#8220;center&#8220; _builder_version=&#8220;4.21.0&#8243; _dynamic_attributes=&#8220;button_url&#8220; _module_preset=&#8220;default&#8220; custom_button=&#8220;on&#8220; button_text_color=&#8220;#003399&#8243; button_bg_color=&#8220;#FFFFFF&#8220; button_border_radius=&#8220;2px&#8220; button_letter_spacing=&#8220;2px&#8220; button_font=&#8220;|||||on|||&#8220; button_use_icon=&#8220;off&#8220; box_shadow_style=&#8220;preset2&#8243; box_shadow_horizontal=&#8220;5px&#8220; box_shadow_vertical=&#8220;5px&#8220; global_colors_info=&#8220;{}&#8220;][\/et_pb_button][\/et_pb_column][\/et_pb_row][\/et_pb_section]<\/p>","protected":false},"excerpt":{"rendered":"<p>ECHO DistributionHeben Sie Ihre Kommunikation auf ein neues Level.rocket.chat Enterprise \u2013 jetzt bei uns verf\u00fcgbar.rocket.chat ist die gr\u00f6\u00dfte Open-Source-Kommunikationsplattform der Welt.\u00a0 Das Universal Tool f\u00fcr eine moderne und sichere Kommunikation, intern, extern und weltweit. Eine hohe Skalierbarkeit und eine fast unendliche Anzahl an bereits fertigen Erweiterungen. rocket.chat wird von vielen Millionen Benutzern weltweit eingesetzt. Ob [&hellip;]<\/p>","protected":false},"author":1,"featured_media":0,"parent":0,"menu_order":0,"comment_status":"closed","ping_status":"closed","template":"","meta":{"_et_pb_use_builder":"on","_et_pb_old_content":"","_et_gb_content_width":"","footnotes":""},"class_list":["post-243223","page","type-page","status-publish","hentry"],"_links":{"self":[{"href":"https:\/\/echo-dc.eu\/en\/wp-json\/wp\/v2\/pages\/243223","targetHints":{"allow":["GET"]}}],"collection":[{"href":"https:\/\/echo-dc.eu\/en\/wp-json\/wp\/v2\/pages"}],"about":[{"href":"https:\/\/echo-dc.eu\/en\/wp-json\/wp\/v2\/types\/page"}],"author":[{"embeddable":true,"href":"https:\/\/echo-dc.eu\/en\/wp-json\/wp\/v2\/users\/1"}],"replies":[{"embeddable":true,"href":"https:\/\/echo-dc.eu\/en\/wp-json\/wp\/v2\/comments?post=243223"}],"version-history":[{"count":43,"href":"https:\/\/echo-dc.eu\/en\/wp-json\/wp\/v2\/pages\/243223\/revisions"}],"predecessor-version":[{"id":243442,"href":"https:\/\/echo-dc.eu\/en\/wp-json\/wp\/v2\/pages\/243223\/revisions\/243442"}],"wp:attachment":[{"href":"https:\/\/echo-dc.eu\/en\/wp-json\/wp\/v2\/media?parent=243223"}],"curies":[{"name":"wp","href":"https:\/\/api.w.org\/{rel}","templated":true}]}}