{"id":243402,"date":"2023-08-16T10:56:38","date_gmt":"2023-08-16T10:56:38","guid":{"rendered":"https:\/\/echo-dc.eu\/?page_id=243402"},"modified":"2023-08-16T10:57:41","modified_gmt":"2023-08-16T10:57:41","slug":"243402-2","status":"publish","type":"page","link":"https:\/\/echo-dc.eu\/en\/243402-2\/","title":{"rendered":"Virtual Desktop"},"content":{"rendered":"<p>[et_pb_section fb_built=&#8220;1&#8243; fullwidth=&#8220;on&#8220; admin_label=&#8220;Hero Section&#8220; _builder_version=&#8220;4.21.0&#8243; background_color=&#8220;#003399&#8243; background_image=&#8220;https:\/\/echo-dc.eu\/wp-content\/uploads\/2022\/05\/Datacenter.jpg&#8220; global_colors_info=&#8220;{}&#8220; theme_builder_area=&#8220;post_content&#8220;][et_pb_fullwidth_header title=&#8220;ECHO&#8220; subhead=&#8220;Virtual Desktop \/ Terminalservice (RDS)&#8220; text_orientation=&#8220;center&#8220; background_overlay_color=&#8220;rgba(0,0,0,0.8)&#8220; content_max_width=&#8220;550px&#8220; _builder_version=&#8220;4.22.0&#8243; title_font=&#8220;|||on|||||&#8220; title_text_color=&#8220;#FFCC33&#8243; title_font_size=&#8220;16px&#8220; title_letter_spacing=&#8220;2px&#8220; title_line_height=&#8220;1.4em&#8220; content_font=&#8220;|||on|||||&#8220; content_letter_spacing=&#8220;2px&#8220; content_line_height=&#8220;2em&#8220; subhead_font=&#8220;|||on|||||&#8220; subhead_font_size=&#8220;24px&#8220; subhead_letter_spacing=&#8220;2px&#8220; subhead_line_height=&#8220;1.8em&#8220; background_color=&#8220;rgba(255, 255, 255, 0)&#8220; background_image=&#8220;https:\/\/echo-dc.eu\/wp-content\/uploads\/2021\/11\/consultant-11.jpg&#8220; parallax=&#8220;on&#8220; parallax_method=&#8220;on&#8220; custom_button_one=&#8220;on&#8220; button_one_border_width=&#8220;1px&#8220; button_one_border_color=&#8220;rgba(255,255,255,0.3)&#8220; button_one_border_radius=&#8220;0px&#8220; button_one_letter_spacing=&#8220;1px&#8220; button_one_font=&#8220;Saira Extra Condensed|600||on|||||&#8220; button_one_icon=&#8220;&#x24;||divi||400&#8243; button_one_icon_color=&#8220;#edbb5f&#8220; custom_button_two=&#8220;on&#8220; button_two_border_width=&#8220;1px&#8220; button_two_border_color=&#8220;rgba(255,255,255,0.3)&#8220; button_two_border_radius=&#8220;0px&#8220; button_two_letter_spacing=&#8220;1px&#8220; button_two_font=&#8220;Saira Extra Condensed|600||on|||||&#8220; button_two_icon=&#8220;&#x24;||divi||400&#8243; button_two_icon_color=&#8220;#edbb5f&#8220; module_alignment=&#8220;right&#8220; custom_margin=&#8220;|||&#8220; custom_padding=&#8220;0.2%||96px|||&#8220; custom_padding_tablet=&#8220;8%||130px||false|false&#8220; custom_padding_phone=&#8220;||80px||false|false&#8220; custom_padding_last_edited=&#8220;on|phone&#8220; hover_enabled=&#8220;0&#8243; button_one_text_color_hover=&#8220;#edbb5f&#8220; button_two_text_color_hover=&#8220;#edbb5f&#8220; button_one_bg_color_hover=&#8220;rgba(0,0,0,0)&#8220; button_two_bg_color_hover=&#8220;rgba(0,0,0,0)&#8220; global_colors_info=&#8220;{}&#8220; button_one_text_size__hover_enabled=&#8220;off&#8220; button_two_text_size__hover_enabled=&#8220;off&#8220; button_one_text_color__hover_enabled=&#8220;on&#8220; button_one_text_color__hover=&#8220;#edbb5f&#8220; button_two_text_color__hover_enabled=&#8220;on&#8220; button_two_text_color__hover=&#8220;#edbb5f&#8220; button_one_border_width__hover_enabled=&#8220;off&#8220; button_two_border_width__hover_enabled=&#8220;off&#8220; button_one_border_color__hover_enabled=&#8220;off&#8220; button_two_border_color__hover_enabled=&#8220;off&#8220; button_one_border_radius__hover_enabled=&#8220;off&#8220; button_two_border_radius__hover_enabled=&#8220;off&#8220; button_one_letter_spacing__hover_enabled=&#8220;off&#8220; button_two_letter_spacing__hover_enabled=&#8220;off&#8220; button_one_bg_color__hover_enabled=&#8220;on&#8220; button_one_bg_color__hover=&#8220;rgba(0,0,0,0)&#8220; button_two_bg_color__hover_enabled=&#8220;on&#8220; button_two_bg_color__hover=&#8220;rgba(0,0,0,0)&#8220; theme_builder_area=&#8220;post_content&#8220; sticky_enabled=&#8220;0&#8243;][\/et_pb_fullwidth_header][\/et_pb_section][et_pb_section fb_built=&#8220;1&#8243; admin_label=&#8220;Attributes&#8220; _builder_version=&#8220;4.21.0&#8243; custom_margin=&#8220;|||&#8220; custom_padding=&#8220;0px|0px|100px|0px&#8220; global_colors_info=&#8220;{}&#8220; theme_builder_area=&#8220;post_content&#8220;][et_pb_row use_custom_gutter=&#8220;on&#8220; gutter_width=&#8220;1&#8243; _builder_version=&#8220;4.16&#8243; background_color=&#8220;#ffffff&#8220; max_width=&#8220;1440px&#8220; custom_margin=&#8220;|||&#8220; custom_padding=&#8220;27px|0px|0px|0px&#8220; box_shadow_style=&#8220;preset3&#8243; box_shadow_vertical=&#8220;15px&#8220; box_shadow_blur=&#8220;80px&#8220; box_shadow_color=&#8220;rgba(0,0,0,0.15)&#8220; use_custom_width=&#8220;on&#8220; custom_width_px=&#8220;1440px&#8220; global_colors_info=&#8220;{}&#8220; theme_builder_area=&#8220;post_content&#8220;][et_pb_column type=&#8220;4_4&#8243; _builder_version=&#8220;4.16&#8243; custom_padding=&#8220;|||&#8220; global_colors_info=&#8220;{}&#8220; custom_padding__hover=&#8220;|||&#8220; theme_builder_area=&#8220;post_content&#8220;][et_pb_text _builder_version=&#8220;4.22.0&#8243; text_font=&#8220;||||||||&#8220; text_letter_spacing=&#8220;2px&#8220; text_line_height=&#8220;2em&#8220; header_font=&#8220;|||on|||||&#8220; header_font_size=&#8220;24px&#8220; header_3_font=&#8220;|600||on|||||&#8220; header_3_line_height=&#8220;1.4em&#8220; background_color=&#8220;#ffffff&#8220; max_width=&#8220;992px&#8220; min_height=&#8220;215px&#8220; custom_margin=&#8220;-100px||||false|false&#8220; custom_padding=&#8220;26px|40px|61px|39px|false|false&#8220; custom_padding_tablet=&#8220;30px|30px|30px|30px|true|true&#8220; custom_padding_phone=&#8220;20px|20px|20px|20px|true|true&#8220; custom_padding_last_edited=&#8220;on|phone&#8220; hover_enabled=&#8220;0&#8243; border_color_all=&#8220;rgba(51,51,51,0.06)&#8220; border_width_right=&#8220;1px&#8220; border_width_left=&#8220;1px&#8220; locked=&#8220;off&#8220; global_colors_info=&#8220;{}&#8220; theme_builder_area=&#8220;post_content&#8220; sticky_enabled=&#8220;0&#8243;]<\/p>\n<p><span><span class=\"ui-provider gs b c d e f g h i j k l m n o p q r s t u v w x y z ab ac ae af ag ah ai aj ak\" dir=\"ltr\"><strong>RDS<\/strong> stands for \"<strong>Remote Desktop Services<\/strong>\" and is a Microsoft service that allows users to access a central desktop environment or specific applications from remote locations. Previously, this service was referred to as \"<strong>Terminal Services<\/strong>\". RDS enables organizations to centrally host desktops and applications on servers and make them available to users over the network.<\/span><\/span><\/p>\n<p>[\/et_pb_text][et_pb_image src=&#8220;https:\/\/echo-dc.eu\/wp-content\/uploads\/2023\/07\/cloud-iaas.png&#8220; title_text=&#8220;cloud iaas&#8220; align=&#8220;center&#8220; _builder_version=&#8220;4.21.0&#8243; _module_preset=&#8220;default&#8220; width=&#8220;60%&#8220; global_colors_info=&#8220;{}&#8220; theme_builder_area=&#8220;post_content&#8220;][\/et_pb_image][et_pb_text _builder_version=&#8220;4.22.0&#8243; text_font=&#8220;||||||||&#8220; text_letter_spacing=&#8220;2px&#8220; text_line_height=&#8220;2em&#8220; header_font=&#8220;|||on|||||&#8220; header_font_size=&#8220;24px&#8220; header_3_font=&#8220;|600||on|||||&#8220; header_3_line_height=&#8220;1.4em&#8220; background_color=&#8220;#ffffff&#8220; max_width=&#8220;992px&#8220; min_height=&#8220;215px&#8220; custom_margin=&#8220;13px||||false|false&#8220; custom_padding=&#8220;50px|40px|60px|39px|false|false&#8220; custom_padding_tablet=&#8220;30px|30px|30px|30px|true|true&#8220; custom_padding_phone=&#8220;20px|20px|20px|20px|true|true&#8220; custom_padding_last_edited=&#8220;on|phone&#8220; hover_enabled=&#8220;0&#8243; border_color_all=&#8220;rgba(51,51,51,0.06)&#8220; border_width_right=&#8220;1px&#8220; border_width_left=&#8220;1px&#8220; locked=&#8220;off&#8220; global_colors_info=&#8220;{}&#8220; theme_builder_area=&#8220;post_content&#8220; sticky_enabled=&#8220;0&#8243;]<\/p>\n<p style=\"text-align: left;\">Here are some of the most important aspects of DDoS protection:<\/p>\n<p style=\"text-align: left;\">\n<p style=\"text-align: left;\"><strong>Application Virtualization<\/strong>: RDS allows applications to run on a central server, while users only see the user interface on their endpoints. This makes it possible to run resource-intensive applications on high-performance servers and allow users with weaker endpoints to access them.<\/p>\n<p style=\"text-align: left;\">\n<p style=\"text-align: left;\"><strong>Desktop Virtualization<\/strong>: RDS can also be used to host complete virtual desktop environments on servers. These virtual desktops can be accessed by users over the network and provide a similar user experience to physical desktops.<\/p>\n<p style=\"text-align: left;\">\n<p style=\"text-align: left;\"><strong>Centralized management<\/strong>: RDS allows IT administrators to centrally manage applications, security policies, and updates. This makes it easier to maintain and update applications and operating systems.<\/p>\n<p style=\"text-align: left;\">\n<p style=\"text-align: left;\"><strong>Safety<\/strong>: RDS provides security mechanisms to protect remote access. This can include authentication, encryption, and access controls to ensure the confidentiality and integrity of the data being transmitted.<\/p>\n<p style=\"text-align: left;\">\n<p style=\"text-align: left;\"><strong>Scalability<\/strong>: Organizations can configure RDS to scale as needed. This makes it possible to adjust the resources according to the number of concurrent users.<\/p>\n<p style=\"text-align: left;\">\n<p style=\"text-align: left;\"><strong>Cost<\/strong>: By centralizing applications and desktops, organizations can use hardware resources more efficiently because they can use less powerful endpoints.<\/p>\n<p style=\"text-align: left;\">\n<p style=\"text-align: left;\"><strong>Remote Access<\/strong>: Users can access their applications and desktops from virtually anywhere with a network connection, promoting flexibility and mobility.<\/p>\n<ol type=\"circle\">\n<ol type=\"circle\"><\/ol>\n<\/ol>\n<p>[\/et_pb_text][\/et_pb_column][\/et_pb_row][et_pb_row _builder_version=&#8220;4.21.0&#8243; _module_preset=&#8220;default&#8220; global_colors_info=&#8220;{}&#8220; theme_builder_area=&#8220;post_content&#8220;][et_pb_column type=&#8220;4_4&#8243; _builder_version=&#8220;4.21.0&#8243; _module_preset=&#8220;default&#8220; global_colors_info=&#8220;{}&#8220; theme_builder_area=&#8220;post_content&#8220;][et_pb_text _builder_version=&#8220;4.22.0&#8243; _module_preset=&#8220;default&#8220; text_line_height=&#8220;1.8em&#8220; max_width=&#8220;800px&#8220; hover_enabled=&#8220;0&#8243; global_colors_info=&#8220;{}&#8220; theme_builder_area=&#8220;post_content&#8220; sticky_enabled=&#8220;0&#8243;]<\/p>\n<p style=\"text-align: center;\">RDS can be useful in a variety of scenarios, including deploying applications to external users, setting up virtual workspaces for mobile or remote workers, centralizing the deployment of specialized software applications, and more. It is important to consider the specific needs of your business to decide if RDS is a suitable solution.<\/p>\n<p>[\/et_pb_text][\/et_pb_column][\/et_pb_row][et_pb_row _builder_version=&#8220;4.16&#8243; _module_preset=&#8220;default&#8220; global_colors_info=&#8220;{}&#8220; theme_builder_area=&#8220;post_content&#8220;][et_pb_column type=&#8220;4_4&#8243; _builder_version=&#8220;4.16&#8243; _module_preset=&#8220;default&#8220; global_colors_info=&#8220;{}&#8220; theme_builder_area=&#8220;post_content&#8220;][et_pb_text _builder_version=&#8220;4.16&#8243; _module_preset=&#8220;default&#8220; global_colors_info=&#8220;{}&#8220; theme_builder_area=&#8220;post_content&#8220;]<\/p>\n<p>Get in touch with us. We work out an individual solution with you.<\/p>\n<p>[\/et_pb_text][et_pb_button button_url=&#8220;https:\/\/echo-dc.eu\/#kontakt&#8220; button_text=&#8220;Kontakt&#8220; button_alignment=&#8220;center&#8220; _builder_version=&#8220;4.16&#8243; _module_preset=&#8220;default&#8220; custom_button=&#8220;on&#8220; button_text_color=&#8220;#003399&#8243; button_bg_color=&#8220;#FFFFFF&#8220; button_border_radius=&#8220;2px&#8220; button_letter_spacing=&#8220;2px&#8220; button_font=&#8220;|||||on|||&#8220; button_use_icon=&#8220;off&#8220; box_shadow_style=&#8220;preset2&#8243; box_shadow_horizontal=&#8220;5px&#8220; box_shadow_vertical=&#8220;5px&#8220; global_colors_info=&#8220;{}&#8220; theme_builder_area=&#8220;post_content&#8220;][\/et_pb_button][\/et_pb_column][\/et_pb_row][\/et_pb_section]<\/p>","protected":false},"excerpt":{"rendered":"<p>RDS steht f\u00fcr &#8222;Remote Desktop Services&#8220; und ist ein Microsoft-Service, der es Benutzern erm\u00f6glicht, von entfernten Standorten aus auf eine zentrale Desktop-Umgebung oder auf bestimmte Anwendungen zuzugreifen. Fr\u00fcher wurde dieser Service als &#8222;Terminaldienste&#8220; bezeichnet. RDS erm\u00f6glicht es Unternehmen, Desktops und Anwendungen zentral auf Servern zu hosten und Benutzern \u00fcber das Netzwerk zur Verf\u00fcgung zu stellen.Hier [&hellip;]<\/p>","protected":false},"author":1,"featured_media":0,"parent":0,"menu_order":0,"comment_status":"closed","ping_status":"closed","template":"","meta":{"_et_pb_use_builder":"on","_et_pb_old_content":"","_et_gb_content_width":"","footnotes":""},"class_list":["post-243402","page","type-page","status-publish","hentry"],"_links":{"self":[{"href":"https:\/\/echo-dc.eu\/en\/wp-json\/wp\/v2\/pages\/243402","targetHints":{"allow":["GET"]}}],"collection":[{"href":"https:\/\/echo-dc.eu\/en\/wp-json\/wp\/v2\/pages"}],"about":[{"href":"https:\/\/echo-dc.eu\/en\/wp-json\/wp\/v2\/types\/page"}],"author":[{"embeddable":true,"href":"https:\/\/echo-dc.eu\/en\/wp-json\/wp\/v2\/users\/1"}],"replies":[{"embeddable":true,"href":"https:\/\/echo-dc.eu\/en\/wp-json\/wp\/v2\/comments?post=243402"}],"version-history":[{"count":3,"href":"https:\/\/echo-dc.eu\/en\/wp-json\/wp\/v2\/pages\/243402\/revisions"}],"predecessor-version":[{"id":243406,"href":"https:\/\/echo-dc.eu\/en\/wp-json\/wp\/v2\/pages\/243402\/revisions\/243406"}],"wp:attachment":[{"href":"https:\/\/echo-dc.eu\/en\/wp-json\/wp\/v2\/media?parent=243402"}],"curies":[{"name":"wp","href":"https:\/\/api.w.org\/{rel}","templated":true}]}}